{"id":12474,"date":"2024-07-16T10:52:01","date_gmt":"2024-07-16T14:52:01","guid":{"rendered":"https:\/\/mycomauricie.com\/forets-et-folies-gourmandes\/la-cookerie\/"},"modified":"2025-09-13T18:19:47","modified_gmt":"2025-09-13T22:19:47","slug":"la-cookerie","status":"publish","type":"page","link":"https:\/\/mycomauricie.com\/en\/forests-and-culinary-delights\/la-cookerie\/","title":{"rendered":"La Cookerie"},"content":{"rendered":"<div class=\"wp-block-group groupe-bleu\"><div class=\"wp-block-group__inner-container is-layout-constrained wp-block-group-is-layout-constrained\"><div class=\"bloc-texte-intro\">\r\n    \r\n        \r\n    <p>This space is dedicated to culinary exploration. La Cookerie opens the doors to authentic, local, and sometimes unexpected cuisine. Discover original recipes created by our chefs and culinary enthusiasts, and awaken the chef within you!<\/p>\r\n\r\n<\/div>\n\n<div class=\"wp-block-columns is-layout-flex wp-container-core-columns-is-layout-9d6595d7 wp-block-columns-is-layout-flex\"><div class=\"wp-block-column is-layout-flow wp-block-column-is-layout-flow\"><figure class=\"wp-block-image size-full has-custom-border\"><a href=\"https:\/\/mycomauricie.com\/medias\/WEB2024-Livret-de-recettes-regionales-2024.pdf\" target=\"_blank\" rel=\"noreferrer noopener\"><img loading=\"lazy\" decoding=\"async\" width=\"850\" height=\"1095\" src=\"https:\/\/mycomauricie.com\/medias\/Boutique-livre-recettes-regionales-2024.jpg\" alt=\"\" class=\"wp-image-4983\" style=\"border-radius:15px;aspect-ratio:3\/4;object-fit:cover\" srcset=\"https:\/\/mycomauricie.com\/medias\/Boutique-livre-recettes-regionales-2024.jpg 850w, https:\/\/mycomauricie.com\/medias\/Boutique-livre-recettes-regionales-2024-300x386.jpg 300w, https:\/\/mycomauricie.com\/medias\/Boutique-livre-recettes-regionales-2024-600x773.jpg 600w, https:\/\/mycomauricie.com\/medias\/Boutique-livre-recettes-regionales-2024-233x300.jpg 233w, https:\/\/mycomauricie.com\/medias\/Boutique-livre-recettes-regionales-2024-768x989.jpg 768w\" sizes=\"auto, (max-width: 850px) 100vw, 850px\" \/><\/a><figcaption class=\"wp-element-caption\">\u00a9 La Fili\u00e8re Mauricie<\/figcaption><\/figure>\n\n<h3 class=\"wp-block-heading\"><mark style=\"background-color:rgba(0, 0, 0, 0)\" class=\"has-inline-color has-white-color\"><strong>REGIONAL RECIPES<\/strong><\/mark><\/h3>\n\n<a href=\"https:\/\/mycomauricie.com\/medias\/WEB2024-Livret-de-recettes-regionales-2024.pdf\" target=\"_blank\" class=\"btn-stylise\">Regional Recipes from Our Chefs and Culinary Enthusiasts (PDF) (French)<\/a>\n\n<p>Get inspired by the <strong>regional recipes from our chefs <\/strong>and culinary enthusiasts to enhance your next family meal or gathering with friends!<\/p><\/div>\n\n<div class=\"wp-block-column is-layout-flow wp-block-column-is-layout-flow\"><figure class=\"wp-block-image size-full has-custom-border\"><img loading=\"lazy\" decoding=\"async\" width=\"1632\" height=\"1224\" src=\"https:\/\/mycomauricie.com\/medias\/Formation-main-oeuvre-cuisine-nordique.jpg\" alt=\"\" class=\"wp-image-2071\" style=\"border-radius:15px;aspect-ratio:3\/4;object-fit:cover\" srcset=\"https:\/\/mycomauricie.com\/medias\/Formation-main-oeuvre-cuisine-nordique.jpg 1632w, https:\/\/mycomauricie.com\/medias\/Formation-main-oeuvre-cuisine-nordique-300x225.jpg 300w, https:\/\/mycomauricie.com\/medias\/Formation-main-oeuvre-cuisine-nordique-600x450.jpg 600w, https:\/\/mycomauricie.com\/medias\/Formation-main-oeuvre-cuisine-nordique-768x576.jpg 768w, https:\/\/mycomauricie.com\/medias\/Formation-main-oeuvre-cuisine-nordique-1536x1152.jpg 1536w\" sizes=\"auto, (max-width: 1632px) 100vw, 1632px\" \/><figcaption class=\"wp-element-caption\">\u00a9 Patrick Lupien<\/figcaption><\/figure>\n\n<h3 class=\"wp-block-heading\"><strong><mark style=\"background-color:rgba(0, 0, 0, 0)\" class=\"has-inline-color has-white-color\">CULINARY WORKSHOP<\/mark><\/strong><\/h3>\n\n<p>If you prefer, sign up for one of our workshops with a chef to learn how to cook these forest edibles, whether solo or as a pair.<\/p><\/div>\n\n<div class=\"wp-block-column is-layout-flow wp-block-column-is-layout-flow\"><figure class=\"wp-block-image size-large has-custom-border\"><img loading=\"lazy\" decoding=\"async\" width=\"2000\" height=\"1500\" src=\"https:\/\/mycomauricie.com\/medias\/Cuisine-nordique-maison-poele-champignons-rouge-violet-2000x1500.jpg\" alt=\"\" class=\"wp-image-2005\" style=\"border-radius:15px;aspect-ratio:3\/4;object-fit:cover\" srcset=\"https:\/\/mycomauricie.com\/medias\/Cuisine-nordique-maison-poele-champignons-rouge-violet-2000x1500.jpg 2000w, https:\/\/mycomauricie.com\/medias\/Cuisine-nordique-maison-poele-champignons-rouge-violet-300x225.jpg 300w, https:\/\/mycomauricie.com\/medias\/Cuisine-nordique-maison-poele-champignons-rouge-violet-scaled-600x450.jpg 600w, https:\/\/mycomauricie.com\/medias\/Cuisine-nordique-maison-poele-champignons-rouge-violet-768x576.jpg 768w, https:\/\/mycomauricie.com\/medias\/Cuisine-nordique-maison-poele-champignons-rouge-violet-1536x1152.jpg 1536w, https:\/\/mycomauricie.com\/medias\/Cuisine-nordique-maison-poele-champignons-rouge-violet-2048x1536.jpg 2048w\" sizes=\"auto, (max-width: 2000px) 100vw, 2000px\" \/><figcaption class=\"wp-element-caption\">\u00a9 Martine Gervais<\/figcaption><\/figure>\n\n<h3 class=\"wp-block-heading\"><strong><mark style=\"background-color:rgba(0, 0, 0, 0)\" class=\"has-inline-color has-white-color\">INSPIRATIONS<\/mark><\/strong><\/h3>\n\n<a href=\"https:\/\/www.facebook.com\/groups\/968042453721770\/\" target=\"_blank\" class=\"btn-stylise\">Cooking and Processing Qu\u00e9bec\u2019s Mushrooms and Wild Plants (French)<\/a>\n\n<p>Discover the Discussion Group (<mark style=\"background-color:rgba(0, 0, 0, 0);color:#f58821\" class=\"has-inline-color\">7 k members<\/mark>)<\/p><\/div><\/div>\n\n<div class=\"bloc-photo-etroite\">           \r\n        <img decoding=\"async\" alt=\"\" src=\"https:\/\/mycomauricie.com\/medias\/Cuisine-nordique-recette-pave-champignons-scaled-aspect-ratio-1500-340-1.jpg\">         \r\n    <\/div>\n\n<h3 class=\"wp-block-heading\"><strong>LATEST DEVELOPMENTS IN THE AROMATIC PROFILES OF QU\u00c9BEC\u2019S FOREST MUSHROOMS<\/strong><\/h3>\n\n<a href=\"https:\/\/mycomauricie.com\/formations-et-connaissances\/decouvertes-innovations\/\" target=\"_self\" class=\"btn-stylise\">EN SAVOIR PLUS<\/a><\/div><\/div><div class=\"fmm-punch credit-photo-anim \" style=\"background-image: url(https:\/\/mycomauricie.com\/medias\/Plein-air-randonnee-homme-marche-sur-billot-aspect-ratio-2-1.jpg);\">\r\n    <div class=\"div-inner\">\r\n\r\n        <div class=\"fmm-cta-contenu\">\r\n            <div class=\"fmm-cta-l1\" data-aos=\"fade-right\" data-aos-duration=\"500\" data-aos-delay=\"0\">DO YOU OWN A PRIVATE FOREST<\/div>            <div class=\"fmm-cta-l3\" data-aos=\"fade-right\" data-aos-duration=\"500\" data-aos-delay=\"200\">IN MAURICIE ?<\/div>            <p data-aos=\"fade-right\" data-aos-duration=\"500\" data-aos-delay=\"400\">DISCOVER THE OPPORTUNITIES WAITING FOR YOU!<\/p>            \r\n                        <a href=\"https:\/\/mycomauricie.com\/club-myco-04\/proprietaires-forets-privees\/\" target=\"\" class=\"btn-stylise\" data-aos=\"fade-right\" data-aos-duration=\"500\">DISCOVER<\/a>\r\n                    <\/div>\r\n\r\n    <\/div>\r\n    \r\n    \r\n<\/div>","protected":false},"excerpt":{"rendered":"<p>REGIONAL RECIPES Get inspired by the regional recipes from our chefs and culinary enthusiasts to enhance your next family meal or gathering with friends! CULINARY WORKSHOP If you prefer, sign up for one of our workshops with a chef to learn how to cook these forest edibles, whether solo or as a pair. INSPIRATIONS Discover [&hellip;]<\/p>\n","protected":false},"author":2,"featured_media":0,"parent":12367,"menu_order":39,"comment_status":"closed","ping_status":"closed","template":"","meta":{"_acf_changed":false,"footnotes":""},"class_list":["post-12474","page","type-page","status-publish","hentry"],"acf":[],"yoast_head":"<!-- This site is optimized with the Yoast SEO plugin v25.7 - https:\/\/yoast.com\/wordpress\/plugins\/seo\/ -->\n<title>La Cookerie : Cuisine Foresti\u00e8re en Action | La Fili\u00e8re Mauricie<\/title>\n<meta name=\"description\" content=\"Participez \u00e0 La Cookerie : ateliers, cuisine en for\u00eat et d\u00e9couvertes gourmandes autour des produits forestiers de la Mauricie. \u00c0 vos papilles !\" \/>\n<meta name=\"robots\" content=\"index, follow, max-snippet:-1, max-image-preview:large, max-video-preview:-1\" \/>\n<link rel=\"canonical\" href=\"https:\/\/mycomauricie.com\/en\/forests-and-culinary-delights\/la-cookerie\/\" \/>\n<meta property=\"og:locale\" content=\"en_US\" \/>\n<meta property=\"og:type\" content=\"article\" \/>\n<meta property=\"og:title\" content=\"La Cookerie : Cuisine Foresti\u00e8re en Action | La Fili\u00e8re Mauricie\" \/>\n<meta property=\"og:description\" content=\"Participez \u00e0 La Cookerie : ateliers, cuisine en for\u00eat et d\u00e9couvertes gourmandes autour des produits forestiers de la Mauricie. \u00c0 vos papilles !\" \/>\n<meta property=\"og:url\" content=\"https:\/\/mycomauricie.com\/en\/forests-and-culinary-delights\/la-cookerie\/\" \/>\n<meta property=\"og:site_name\" content=\"La Fili\u00e8re Mauricie\" \/>\n<meta property=\"article:publisher\" content=\"https:\/\/www.facebook.com\/champignonsforestiersmauricie\" \/>\n<meta property=\"article:modified_time\" content=\"2025-09-13T22:19:47+00:00\" \/>\n<meta property=\"og:image\" content=\"https:\/\/mycomauricie.com\/medias\/Boutique-livre-recettes-regionales-2024.jpg\" \/>\n\t<meta property=\"og:image:width\" content=\"850\" \/>\n\t<meta property=\"og:image:height\" content=\"1095\" \/>\n\t<meta property=\"og:image:type\" content=\"image\/jpeg\" \/>\n<meta name=\"twitter:card\" content=\"summary_large_image\" \/>\n<meta name=\"twitter:label1\" content=\"Est. reading time\" \/>\n\t<meta name=\"twitter:data1\" content=\"2 minutes\" \/>\n<script type=\"application\/ld+json\" class=\"yoast-schema-graph\">{\"@context\":\"https:\/\/schema.org\",\"@graph\":[{\"@type\":\"WebPage\",\"@id\":\"https:\/\/mycomauricie.com\/en\/forests-and-culinary-delights\/la-cookerie\/\",\"url\":\"https:\/\/mycomauricie.com\/en\/forests-and-culinary-delights\/la-cookerie\/\",\"name\":\"La Cookerie : Cuisine Foresti\u00e8re en Action | La Fili\u00e8re Mauricie\",\"isPartOf\":{\"@id\":\"https:\/\/mycomauricie.com\/#website\"},\"primaryImageOfPage\":{\"@id\":\"https:\/\/mycomauricie.com\/en\/forests-and-culinary-delights\/la-cookerie\/#primaryimage\"},\"image\":{\"@id\":\"https:\/\/mycomauricie.com\/en\/forests-and-culinary-delights\/la-cookerie\/#primaryimage\"},\"thumbnailUrl\":\"https:\/\/mycomauricie.com\/medias\/Boutique-livre-recettes-regionales-2024.jpg\",\"datePublished\":\"2024-07-16T14:52:01+00:00\",\"dateModified\":\"2025-09-13T22:19:47+00:00\",\"description\":\"Participez \u00e0 La Cookerie : ateliers, cuisine en for\u00eat et d\u00e9couvertes gourmandes autour des produits forestiers de la Mauricie. \u00c0 vos papilles !\",\"breadcrumb\":{\"@id\":\"https:\/\/mycomauricie.com\/en\/forests-and-culinary-delights\/la-cookerie\/#breadcrumb\"},\"inLanguage\":\"en-US\",\"potentialAction\":[{\"@type\":\"ReadAction\",\"target\":[\"https:\/\/mycomauricie.com\/en\/forests-and-culinary-delights\/la-cookerie\/\"]}]},{\"@type\":\"ImageObject\",\"inLanguage\":\"en-US\",\"@id\":\"https:\/\/mycomauricie.com\/en\/forests-and-culinary-delights\/la-cookerie\/#primaryimage\",\"url\":\"https:\/\/mycomauricie.com\/medias\/Boutique-livre-recettes-regionales-2024.jpg\",\"contentUrl\":\"https:\/\/mycomauricie.com\/medias\/Boutique-livre-recettes-regionales-2024.jpg\"},{\"@type\":\"BreadcrumbList\",\"@id\":\"https:\/\/mycomauricie.com\/en\/forests-and-culinary-delights\/la-cookerie\/#breadcrumb\",\"itemListElement\":[{\"@type\":\"ListItem\",\"position\":1,\"name\":\"Home\",\"item\":\"https:\/\/mycomauricie.com\/en\/\"},{\"@type\":\"ListItem\",\"position\":2,\"name\":\"Forests and Culinary Delights\",\"item\":\"https:\/\/mycomauricie.com\/en\/forests-and-culinary-delights\/\"},{\"@type\":\"ListItem\",\"position\":3,\"name\":\"La Cookerie\"}]},{\"@type\":\"WebSite\",\"@id\":\"https:\/\/mycomauricie.com\/#website\",\"url\":\"https:\/\/mycomauricie.com\/\",\"name\":\"La Fili\u00e8re Mauricie\",\"description\":\"\",\"publisher\":{\"@id\":\"https:\/\/mycomauricie.com\/#organization\"},\"potentialAction\":[{\"@type\":\"SearchAction\",\"target\":{\"@type\":\"EntryPoint\",\"urlTemplate\":\"https:\/\/mycomauricie.com\/?s={search_term_string}\"},\"query-input\":{\"@type\":\"PropertyValueSpecification\",\"valueRequired\":true,\"valueName\":\"search_term_string\"}}],\"inLanguage\":\"en-US\"},{\"@type\":\"Organization\",\"@id\":\"https:\/\/mycomauricie.com\/#organization\",\"name\":\"La Fili\u00e8re Mauricie\",\"url\":\"https:\/\/mycomauricie.com\/\",\"logo\":{\"@type\":\"ImageObject\",\"inLanguage\":\"en-US\",\"@id\":\"https:\/\/mycomauricie.com\/#\/schema\/logo\/image\/\",\"url\":\"https:\/\/mycomauricie.com\/medias\/Logo-la-filiere-signature-2.png\",\"contentUrl\":\"https:\/\/mycomauricie.com\/medias\/Logo-la-filiere-signature-2.png\",\"width\":1005,\"height\":415,\"caption\":\"La Fili\u00e8re Mauricie\"},\"image\":{\"@id\":\"https:\/\/mycomauricie.com\/#\/schema\/logo\/image\/\"},\"sameAs\":[\"https:\/\/www.facebook.com\/champignonsforestiersmauricie\",\"https:\/\/www.instagram.com\/myco04mauricie\/\"]}]}<\/script>\n<!-- \/ Yoast SEO plugin. -->","yoast_head_json":{"title":"La Cookerie : Cuisine Foresti\u00e8re en Action | La Fili\u00e8re Mauricie","description":"Participez \u00e0 La Cookerie : ateliers, cuisine en for\u00eat et d\u00e9couvertes gourmandes autour des produits forestiers de la Mauricie. \u00c0 vos papilles !","robots":{"index":"index","follow":"follow","max-snippet":"max-snippet:-1","max-image-preview":"max-image-preview:large","max-video-preview":"max-video-preview:-1"},"canonical":"https:\/\/mycomauricie.com\/en\/forests-and-culinary-delights\/la-cookerie\/","og_locale":"en_US","og_type":"article","og_title":"La Cookerie : Cuisine Foresti\u00e8re en Action | La Fili\u00e8re Mauricie","og_description":"Participez \u00e0 La Cookerie : ateliers, cuisine en for\u00eat et d\u00e9couvertes gourmandes autour des produits forestiers de la Mauricie. \u00c0 vos papilles !","og_url":"https:\/\/mycomauricie.com\/en\/forests-and-culinary-delights\/la-cookerie\/","og_site_name":"La Fili\u00e8re Mauricie","article_publisher":"https:\/\/www.facebook.com\/champignonsforestiersmauricie","article_modified_time":"2025-09-13T22:19:47+00:00","og_image":[{"width":850,"height":1095,"url":"https:\/\/mycomauricie.com\/medias\/Boutique-livre-recettes-regionales-2024.jpg","type":"image\/jpeg"}],"twitter_card":"summary_large_image","twitter_misc":{"Est. reading time":"2 minutes"},"schema":{"@context":"https:\/\/schema.org","@graph":[{"@type":"WebPage","@id":"https:\/\/mycomauricie.com\/en\/forests-and-culinary-delights\/la-cookerie\/","url":"https:\/\/mycomauricie.com\/en\/forests-and-culinary-delights\/la-cookerie\/","name":"La Cookerie : Cuisine Foresti\u00e8re en Action | La Fili\u00e8re Mauricie","isPartOf":{"@id":"https:\/\/mycomauricie.com\/#website"},"primaryImageOfPage":{"@id":"https:\/\/mycomauricie.com\/en\/forests-and-culinary-delights\/la-cookerie\/#primaryimage"},"image":{"@id":"https:\/\/mycomauricie.com\/en\/forests-and-culinary-delights\/la-cookerie\/#primaryimage"},"thumbnailUrl":"https:\/\/mycomauricie.com\/medias\/Boutique-livre-recettes-regionales-2024.jpg","datePublished":"2024-07-16T14:52:01+00:00","dateModified":"2025-09-13T22:19:47+00:00","description":"Participez \u00e0 La Cookerie : ateliers, cuisine en for\u00eat et d\u00e9couvertes gourmandes autour des produits forestiers de la Mauricie. \u00c0 vos papilles !","breadcrumb":{"@id":"https:\/\/mycomauricie.com\/en\/forests-and-culinary-delights\/la-cookerie\/#breadcrumb"},"inLanguage":"en-US","potentialAction":[{"@type":"ReadAction","target":["https:\/\/mycomauricie.com\/en\/forests-and-culinary-delights\/la-cookerie\/"]}]},{"@type":"ImageObject","inLanguage":"en-US","@id":"https:\/\/mycomauricie.com\/en\/forests-and-culinary-delights\/la-cookerie\/#primaryimage","url":"https:\/\/mycomauricie.com\/medias\/Boutique-livre-recettes-regionales-2024.jpg","contentUrl":"https:\/\/mycomauricie.com\/medias\/Boutique-livre-recettes-regionales-2024.jpg"},{"@type":"BreadcrumbList","@id":"https:\/\/mycomauricie.com\/en\/forests-and-culinary-delights\/la-cookerie\/#breadcrumb","itemListElement":[{"@type":"ListItem","position":1,"name":"Home","item":"https:\/\/mycomauricie.com\/en\/"},{"@type":"ListItem","position":2,"name":"Forests and Culinary Delights","item":"https:\/\/mycomauricie.com\/en\/forests-and-culinary-delights\/"},{"@type":"ListItem","position":3,"name":"La Cookerie"}]},{"@type":"WebSite","@id":"https:\/\/mycomauricie.com\/#website","url":"https:\/\/mycomauricie.com\/","name":"La Fili\u00e8re Mauricie","description":"","publisher":{"@id":"https:\/\/mycomauricie.com\/#organization"},"potentialAction":[{"@type":"SearchAction","target":{"@type":"EntryPoint","urlTemplate":"https:\/\/mycomauricie.com\/?s={search_term_string}"},"query-input":{"@type":"PropertyValueSpecification","valueRequired":true,"valueName":"search_term_string"}}],"inLanguage":"en-US"},{"@type":"Organization","@id":"https:\/\/mycomauricie.com\/#organization","name":"La Fili\u00e8re Mauricie","url":"https:\/\/mycomauricie.com\/","logo":{"@type":"ImageObject","inLanguage":"en-US","@id":"https:\/\/mycomauricie.com\/#\/schema\/logo\/image\/","url":"https:\/\/mycomauricie.com\/medias\/Logo-la-filiere-signature-2.png","contentUrl":"https:\/\/mycomauricie.com\/medias\/Logo-la-filiere-signature-2.png","width":1005,"height":415,"caption":"La Fili\u00e8re Mauricie"},"image":{"@id":"https:\/\/mycomauricie.com\/#\/schema\/logo\/image\/"},"sameAs":["https:\/\/www.facebook.com\/champignonsforestiersmauricie","https:\/\/www.instagram.com\/myco04mauricie\/"]}]}},"_links":{"self":[{"href":"https:\/\/mycomauricie.com\/en\/wp-json\/wp\/v2\/pages\/12474","targetHints":{"allow":["GET"]}}],"collection":[{"href":"https:\/\/mycomauricie.com\/en\/wp-json\/wp\/v2\/pages"}],"about":[{"href":"https:\/\/mycomauricie.com\/en\/wp-json\/wp\/v2\/types\/page"}],"author":[{"embeddable":true,"href":"https:\/\/mycomauricie.com\/en\/wp-json\/wp\/v2\/users\/2"}],"replies":[{"embeddable":true,"href":"https:\/\/mycomauricie.com\/en\/wp-json\/wp\/v2\/comments?post=12474"}],"version-history":[{"count":4,"href":"https:\/\/mycomauricie.com\/en\/wp-json\/wp\/v2\/pages\/12474\/revisions"}],"predecessor-version":[{"id":13441,"href":"https:\/\/mycomauricie.com\/en\/wp-json\/wp\/v2\/pages\/12474\/revisions\/13441"}],"up":[{"embeddable":true,"href":"https:\/\/mycomauricie.com\/en\/wp-json\/wp\/v2\/pages\/12367"}],"wp:attachment":[{"href":"https:\/\/mycomauricie.com\/en\/wp-json\/wp\/v2\/media?parent=12474"}],"curies":[{"name":"wp","href":"https:\/\/api.w.org\/{rel}","templated":true}]}}