{"id":12446,"date":"2024-07-16T10:55:15","date_gmt":"2024-07-16T14:55:15","guid":{"rendered":"https:\/\/mycomauricie.com\/cueillette-sauvage-et-culture\/"},"modified":"2025-09-13T18:19:35","modified_gmt":"2025-09-13T22:19:35","slug":"forest-foraging-and-cultivation","status":"publish","type":"page","link":"https:\/\/mycomauricie.com\/en\/forest-foraging-and-cultivation\/","title":{"rendered":"Forest Foraging and Cultivation"},"content":{"rendered":"","protected":false},"excerpt":{"rendered":"","protected":false},"author":2,"featured_media":0,"parent":0,"menu_order":41,"comment_status":"closed","ping_status":"closed","template":"","meta":{"_acf_changed":false,"footnotes":""},"class_list":["post-12446","page","type-page","status-publish","hentry"],"acf":[],"yoast_head":"<!-- This site is optimized with the Yoast SEO plugin v25.7 - https:\/\/yoast.com\/wordpress\/plugins\/seo\/ -->\n<title>Cueillette Sauvage &amp; Culture Foresti\u00e8re Durable | La Fili\u00e8re Mauricie<\/title>\n<meta name=\"description\" content=\"Explorez la richesse de la cueillette en Mauricie : entre traditions, d\u00e9couvertes et innovations foresti\u00e8res. Une aventure savoureuse \u00e0 vivre ! D\u00e9couvrir.\" \/>\n<meta name=\"robots\" content=\"index, follow, max-snippet:-1, max-image-preview:large, max-video-preview:-1\" \/>\n<link rel=\"canonical\" href=\"https:\/\/mycomauricie.com\/en\/forest-foraging-and-cultivation\/\" \/>\n<meta property=\"og:locale\" content=\"en_US\" \/>\n<meta property=\"og:type\" content=\"article\" \/>\n<meta property=\"og:title\" content=\"Cueillette Sauvage &amp; Culture Foresti\u00e8re Durable | La Fili\u00e8re Mauricie\" \/>\n<meta property=\"og:description\" content=\"Explorez la richesse de la cueillette en Mauricie : entre traditions, d\u00e9couvertes et innovations foresti\u00e8res. Une aventure savoureuse \u00e0 vivre ! D\u00e9couvrir.\" \/>\n<meta property=\"og:url\" content=\"https:\/\/mycomauricie.com\/en\/forest-foraging-and-cultivation\/\" \/>\n<meta property=\"og:site_name\" content=\"La Fili\u00e8re Mauricie\" \/>\n<meta property=\"article:publisher\" content=\"https:\/\/www.facebook.com\/champignonsforestiersmauricie\" \/>\n<meta property=\"article:modified_time\" content=\"2025-09-13T22:19:35+00:00\" \/>\n<meta name=\"twitter:card\" content=\"summary_large_image\" \/>\n<script type=\"application\/ld+json\" class=\"yoast-schema-graph\">{\"@context\":\"https:\/\/schema.org\",\"@graph\":[{\"@type\":\"WebPage\",\"@id\":\"https:\/\/mycomauricie.com\/en\/forest-foraging-and-cultivation\/\",\"url\":\"https:\/\/mycomauricie.com\/en\/forest-foraging-and-cultivation\/\",\"name\":\"Cueillette Sauvage & Culture Foresti\u00e8re Durable | La Fili\u00e8re Mauricie\",\"isPartOf\":{\"@id\":\"https:\/\/mycomauricie.com\/#website\"},\"datePublished\":\"2024-07-16T14:55:15+00:00\",\"dateModified\":\"2025-09-13T22:19:35+00:00\",\"description\":\"Explorez la richesse de la cueillette en Mauricie : entre traditions, d\u00e9couvertes et innovations foresti\u00e8res. Une aventure savoureuse \u00e0 vivre ! D\u00e9couvrir.\",\"breadcrumb\":{\"@id\":\"https:\/\/mycomauricie.com\/en\/forest-foraging-and-cultivation\/#breadcrumb\"},\"inLanguage\":\"en-US\",\"potentialAction\":[{\"@type\":\"ReadAction\",\"target\":[\"https:\/\/mycomauricie.com\/en\/forest-foraging-and-cultivation\/\"]}]},{\"@type\":\"BreadcrumbList\",\"@id\":\"https:\/\/mycomauricie.com\/en\/forest-foraging-and-cultivation\/#breadcrumb\",\"itemListElement\":[{\"@type\":\"ListItem\",\"position\":1,\"name\":\"Home\",\"item\":\"https:\/\/mycomauricie.com\/en\/\"},{\"@type\":\"ListItem\",\"position\":2,\"name\":\"Forest Foraging and Cultivation\"}]},{\"@type\":\"WebSite\",\"@id\":\"https:\/\/mycomauricie.com\/#website\",\"url\":\"https:\/\/mycomauricie.com\/\",\"name\":\"La Fili\u00e8re Mauricie\",\"description\":\"\",\"publisher\":{\"@id\":\"https:\/\/mycomauricie.com\/#organization\"},\"potentialAction\":[{\"@type\":\"SearchAction\",\"target\":{\"@type\":\"EntryPoint\",\"urlTemplate\":\"https:\/\/mycomauricie.com\/?s={search_term_string}\"},\"query-input\":{\"@type\":\"PropertyValueSpecification\",\"valueRequired\":true,\"valueName\":\"search_term_string\"}}],\"inLanguage\":\"en-US\"},{\"@type\":\"Organization\",\"@id\":\"https:\/\/mycomauricie.com\/#organization\",\"name\":\"La Fili\u00e8re Mauricie\",\"url\":\"https:\/\/mycomauricie.com\/\",\"logo\":{\"@type\":\"ImageObject\",\"inLanguage\":\"en-US\",\"@id\":\"https:\/\/mycomauricie.com\/#\/schema\/logo\/image\/\",\"url\":\"https:\/\/mycomauricie.com\/medias\/Logo-la-filiere-signature-2.png\",\"contentUrl\":\"https:\/\/mycomauricie.com\/medias\/Logo-la-filiere-signature-2.png\",\"width\":1005,\"height\":415,\"caption\":\"La Fili\u00e8re Mauricie\"},\"image\":{\"@id\":\"https:\/\/mycomauricie.com\/#\/schema\/logo\/image\/\"},\"sameAs\":[\"https:\/\/www.facebook.com\/champignonsforestiersmauricie\",\"https:\/\/www.instagram.com\/myco04mauricie\/\"]}]}<\/script>\n<!-- \/ Yoast SEO plugin. -->","yoast_head_json":{"title":"Cueillette Sauvage & Culture Foresti\u00e8re Durable | La Fili\u00e8re Mauricie","description":"Explorez la richesse de la cueillette en Mauricie : entre traditions, d\u00e9couvertes et innovations foresti\u00e8res. Une aventure savoureuse \u00e0 vivre ! D\u00e9couvrir.","robots":{"index":"index","follow":"follow","max-snippet":"max-snippet:-1","max-image-preview":"max-image-preview:large","max-video-preview":"max-video-preview:-1"},"canonical":"https:\/\/mycomauricie.com\/en\/forest-foraging-and-cultivation\/","og_locale":"en_US","og_type":"article","og_title":"Cueillette Sauvage & Culture Foresti\u00e8re Durable | La Fili\u00e8re Mauricie","og_description":"Explorez la richesse de la cueillette en Mauricie : entre traditions, d\u00e9couvertes et innovations foresti\u00e8res. Une aventure savoureuse \u00e0 vivre ! D\u00e9couvrir.","og_url":"https:\/\/mycomauricie.com\/en\/forest-foraging-and-cultivation\/","og_site_name":"La Fili\u00e8re Mauricie","article_publisher":"https:\/\/www.facebook.com\/champignonsforestiersmauricie","article_modified_time":"2025-09-13T22:19:35+00:00","twitter_card":"summary_large_image","schema":{"@context":"https:\/\/schema.org","@graph":[{"@type":"WebPage","@id":"https:\/\/mycomauricie.com\/en\/forest-foraging-and-cultivation\/","url":"https:\/\/mycomauricie.com\/en\/forest-foraging-and-cultivation\/","name":"Cueillette Sauvage & Culture Foresti\u00e8re Durable | La Fili\u00e8re Mauricie","isPartOf":{"@id":"https:\/\/mycomauricie.com\/#website"},"datePublished":"2024-07-16T14:55:15+00:00","dateModified":"2025-09-13T22:19:35+00:00","description":"Explorez la richesse de la cueillette en Mauricie : entre traditions, d\u00e9couvertes et innovations foresti\u00e8res. Une aventure savoureuse \u00e0 vivre ! D\u00e9couvrir.","breadcrumb":{"@id":"https:\/\/mycomauricie.com\/en\/forest-foraging-and-cultivation\/#breadcrumb"},"inLanguage":"en-US","potentialAction":[{"@type":"ReadAction","target":["https:\/\/mycomauricie.com\/en\/forest-foraging-and-cultivation\/"]}]},{"@type":"BreadcrumbList","@id":"https:\/\/mycomauricie.com\/en\/forest-foraging-and-cultivation\/#breadcrumb","itemListElement":[{"@type":"ListItem","position":1,"name":"Home","item":"https:\/\/mycomauricie.com\/en\/"},{"@type":"ListItem","position":2,"name":"Forest Foraging and Cultivation"}]},{"@type":"WebSite","@id":"https:\/\/mycomauricie.com\/#website","url":"https:\/\/mycomauricie.com\/","name":"La Fili\u00e8re Mauricie","description":"","publisher":{"@id":"https:\/\/mycomauricie.com\/#organization"},"potentialAction":[{"@type":"SearchAction","target":{"@type":"EntryPoint","urlTemplate":"https:\/\/mycomauricie.com\/?s={search_term_string}"},"query-input":{"@type":"PropertyValueSpecification","valueRequired":true,"valueName":"search_term_string"}}],"inLanguage":"en-US"},{"@type":"Organization","@id":"https:\/\/mycomauricie.com\/#organization","name":"La Fili\u00e8re Mauricie","url":"https:\/\/mycomauricie.com\/","logo":{"@type":"ImageObject","inLanguage":"en-US","@id":"https:\/\/mycomauricie.com\/#\/schema\/logo\/image\/","url":"https:\/\/mycomauricie.com\/medias\/Logo-la-filiere-signature-2.png","contentUrl":"https:\/\/mycomauricie.com\/medias\/Logo-la-filiere-signature-2.png","width":1005,"height":415,"caption":"La Fili\u00e8re Mauricie"},"image":{"@id":"https:\/\/mycomauricie.com\/#\/schema\/logo\/image\/"},"sameAs":["https:\/\/www.facebook.com\/champignonsforestiersmauricie","https:\/\/www.instagram.com\/myco04mauricie\/"]}]}},"_links":{"self":[{"href":"https:\/\/mycomauricie.com\/en\/wp-json\/wp\/v2\/pages\/12446","targetHints":{"allow":["GET"]}}],"collection":[{"href":"https:\/\/mycomauricie.com\/en\/wp-json\/wp\/v2\/pages"}],"about":[{"href":"https:\/\/mycomauricie.com\/en\/wp-json\/wp\/v2\/types\/page"}],"author":[{"embeddable":true,"href":"https:\/\/mycomauricie.com\/en\/wp-json\/wp\/v2\/users\/2"}],"replies":[{"embeddable":true,"href":"https:\/\/mycomauricie.com\/en\/wp-json\/wp\/v2\/comments?post=12446"}],"version-history":[{"count":1,"href":"https:\/\/mycomauricie.com\/en\/wp-json\/wp\/v2\/pages\/12446\/revisions"}],"predecessor-version":[{"id":12450,"href":"https:\/\/mycomauricie.com\/en\/wp-json\/wp\/v2\/pages\/12446\/revisions\/12450"}],"wp:attachment":[{"href":"https:\/\/mycomauricie.com\/en\/wp-json\/wp\/v2\/media?parent=12446"}],"curies":[{"name":"wp","href":"https:\/\/api.w.org\/{rel}","templated":true}]}}