{"id":12434,"date":"2024-07-16T11:14:06","date_gmt":"2024-07-16T15:14:06","guid":{"rendered":"https:\/\/mycomauricie.com\/la-filiere\/politique-confidentialite\/"},"modified":"2025-09-13T18:21:40","modified_gmt":"2025-09-13T22:21:40","slug":"privacy-policy","status":"publish","type":"page","link":"https:\/\/mycomauricie.com\/en\/la-filiere\/privacy-policy\/","title":{"rendered":"Privacy Policy"},"content":{"rendered":"<p>La Fili\u00e8re Mauricie \u2013 Mushrooms and Forest Edibles is a development department of the Syndicat des producteurs de bois de la Mauricie and is therefore listed in the Qu\u00e9bec Business Register. The term \u201cLa Fili\u00e8re\u201d will be used in the tags of this privacy policy.<\/p><h2 class=\"wp-block-heading\"><strong>Consent<\/strong><\/h2><p>Users agree that by using our site, they consent to:<\/p><ul class=\"wp-block-list\"><li>The conditions set out in this privacy policy<\/li>\n\n<li>The collection, use, and storage of the data listed in this policy.<\/li><\/ul><h2 class=\"wp-block-heading\"><strong>Applicable Laws<\/strong><\/h2><p>This policy is in compliance with the Personal Information Protection and Electronic Documents Act (PIPEDA).<\/p><h2 class=\"wp-block-heading\">This privacy policy aims to outline:<\/h2><ul class=\"wp-block-list\"><li>How your personal information is collected and processed<\/li>\n\n<li>Your rights regarding this information<\/li>\n\n<li>Who is responsible for processing the personal data collected<\/li>\n\n<li>To whom this information is shared<\/li>\n\n<li>How cookies affect your user experience<\/li><\/ul><h3 class=\"wp-block-heading\"><strong>Personal Data Collected Without Cookies<\/strong><\/h3><p>The following data may be collected when you perform certain actions on our site:<\/p><ul class=\"wp-block-list\"><li>First and last name<\/li>\n\n<li>Postal address<\/li>\n\n<li>Email address<\/li>\n\n<li>Phone number<\/li><\/ul><p>This personal information is collected through the following methods:<\/p><ul class=\"wp-block-list\"><li>Registration for an activity organized by La Fili\u00e8re or a partner company<\/li>\n\n<li>Subscription to document updates over time<\/li>\n\n<li>Purchases in our online shop<\/li>\n\n<li>Registration form for an event<\/li>\n\n<li>Newsletter subscription form<\/li>\n\n<li>Opinion or public consultation surveys<\/li>\n\n<li>Contests<\/li><\/ul><h3 class=\"wp-block-heading\"><strong>Online Payments<\/strong><\/h3><p>Our online store does not store your credit card information on our servers. These details are processed and verified by PayPal, a secure payment processor, to complete the transaction.<\/p><h3 class=\"wp-block-heading\"><strong>How We Use This Personal Data<\/strong><\/h3><p>We use the information collected for the following purposes:<\/p><ul class=\"wp-block-list\"><li>Contacting you<\/li>\n\n<li>Gathering statistics<\/li>\n\n<li>Providing information<\/li>\n\n<li>Managing and optimizing the website<\/li>\n\n<li>Registering for an event<\/li>\n\n<li>Enhancing newsletter reach<\/li>\n\n<li>Sending updates on digital documents<\/li><\/ul><h3 class=\"wp-block-heading\"><strong>Cookies Used<\/strong><\/h3><p>We collect certain information through cookies, which help us generate statistics and traffic data, facilitate navigation, and improve our services. This includes:<\/p><ul class=\"wp-block-list\"><li>IP address<\/li>\n\n<li>Operating system (laptop or mobile)<\/li>\n\n<li>Pages visited on our site and requests<\/li>\n\n<li>Country of connection<\/li><\/ul><p>Using these files helps us to:<\/p><ul class=\"wp-block-list\"><li>Improve our communication practices<\/li>\n\n<li>Provide an optimal browsing experience<\/li>\n\n<li>Gather website performance statistics<\/li>\n\n<li>Identify different user profiles<\/li>\n\n<li>Develop effective advertising strategies<\/li><\/ul><p>While browsing the site, third-party cookies may be stored. These include, in particular, the following third parties:<\/p><ul class=\"wp-block-list\"><li>Google Analytics 4<\/li>\n\n<li>Google Tag Manager<\/li>\n\n<li>Pixel Meta (Facebook et Instagram)<\/li><\/ul><p>These third parties have their own privacy policies and terms of use; La Fili\u00e8re disclaims any responsibility for them. We invite you to read their privacy policies and terms of use to understand how they operate.<\/p><h2 class=\"wp-block-heading\"><strong>With Whom We Share Personal Data<\/strong><\/h2><p>We may disclose user data to any member of our organization who reasonably needs it to achieve the objectives set out in this policy.<\/p><p>It is possible that we share certain information with third parties for the following reasons:<\/p><ul class=\"wp-block-list\"><li>To analyze how users interact with the website<\/li>\n\n<li>To define different user profiles<\/li>\n\n<li>To create tailored advertising content<\/li>\n\n<li>To improve the website interface and user experience<\/li><\/ul><p>These third parties <strong>are not permitted<\/strong> to disclose your personal information to unauthorized third parties or use it for their own marketing purposes without La Fili\u00e8re\u2019s knowledge.<\/p><p>If you do not wish your personal information to be shared with authorized third parties, you can object when selecting your cookie preferences or at any time thereafter.<\/p><h3 class=\"wp-block-heading\"><strong>Other Disclosures<\/strong><\/h3><p>La Fili\u00e8re does not rent, sell, or exchange personally identifiable information except in the following cases:<\/p><ul class=\"wp-block-list\"><li>When required by law<\/li>\n\n<li>When required for any legal proceedings<\/li><\/ul><h3 class=\"wp-block-heading\"><strong>How Long We Store Personal Data<\/strong><\/h3><p>We do not retain user data beyond what is necessary to fulfill the purposes for which it was collected.<\/p><h3 class=\"wp-block-heading\"><strong>Data Protection Officer<\/strong><\/h3><p>La Fili\u00e8re\u2019s Data Protection Officer is Mr. Ghislain Leblond, General Manager of the Syndicat des producteurs de bois de la Mauricie. He can be contacted as follows:<\/p><p>By email (with the subject \u201cPersonal Information\u201d):<br><a href=\"mailto:gleblond@spbois.qc.ca\">gleblond@spbois.qc.ca<\/a><\/p><p><strong>By mail:<\/strong><br>RPRP \u2013 Information Request<br>SPBM, 2410, de l\u2019Industrie, Trois-Rivi\u00e8res, QC, G8Z 4R5<\/p><p>The Data Protection Officer (RPRP) of La Fili\u00e8re is responsible for determining the purposes and means of processing personal data.<\/p><h2 class=\"wp-block-heading\"><strong>How We Protect Your Personal Data<\/strong><\/h2><p>La Fili\u00e8re has implemented reasonable security measures to protect the personal data in our care. All data stored in our system is well secured and accessible only to our employees. Our employees are aware of confidentiality agreements, and any breach of this agreement would result in the employee\u2019s termination.<\/p><h2 class=\"wp-block-heading\"><strong>Your Rights as a User<\/strong><\/h2><p>As a user, you have the right to access any personal data we have collected about you. In addition, you have the right to update or correct any personal data we hold, provided it is legally acceptable.<\/p><p>You can choose to withdraw or modify your consent to the collection and use of data at any time, as long as it is legally acceptable and you inform us within a reasonable timeframe.<\/p><h2 class=\"wp-block-heading\"><strong>How to Modify, Delete, or Challenge the Data Collected<\/strong><\/h2><p>If you would like your information to be deleted or modified in any way, please contact our Data Protection Officer.<\/p><h2 class=\"wp-block-heading\"><strong>Modifications<\/strong><\/h2><p>This privacy policy may be modified from time to time to remain compliant with the law and to reflect any changes in our data collection process. We recommend that users check our policy periodically to stay informed of any updates. If needed, we may inform users by email of changes to this policy.<\/p>","protected":false},"excerpt":{"rendered":"<p>La Fili\u00e8re Mauricie \u2013 Mushrooms and Forest Edibles is a development department of the Syndicat des producteurs de bois de la Mauricie and is therefore listed in the Qu\u00e9bec Business Register. The term \u201cLa Fili\u00e8re\u201d will be used in the tags of this privacy policy. Consent Users agree that by using our site, they consent [&hellip;]<\/p>\n","protected":false},"author":2,"featured_media":0,"parent":12405,"menu_order":68,"comment_status":"closed","ping_status":"closed","template":"","meta":{"_acf_changed":false,"footnotes":""},"class_list":["post-12434","page","type-page","status-publish","hentry"],"acf":[],"yoast_head":"<!-- This site is optimized with the Yoast SEO plugin v25.7 - https:\/\/yoast.com\/wordpress\/plugins\/seo\/ -->\n<title>Politique de Confidentialit\u00e9 du Site | La Fili\u00e8re Mauricie<\/title>\n<meta name=\"description\" content=\"Consultez notre politique de confidentialit\u00e9 : gestion responsable des donn\u00e9es, respect de la vie priv\u00e9e et transparence de nos pratiques. En savoir plus!\" \/>\n<meta name=\"robots\" content=\"index, follow, max-snippet:-1, max-image-preview:large, max-video-preview:-1\" \/>\n<link rel=\"canonical\" href=\"https:\/\/mycomauricie.com\/en\/la-filiere\/privacy-policy\/\" \/>\n<meta property=\"og:locale\" content=\"en_US\" \/>\n<meta property=\"og:type\" content=\"article\" \/>\n<meta property=\"og:title\" content=\"Politique de Confidentialit\u00e9 du Site | La Fili\u00e8re Mauricie\" \/>\n<meta property=\"og:description\" content=\"Consultez notre politique de confidentialit\u00e9 : gestion responsable des donn\u00e9es, respect de la vie priv\u00e9e et transparence de nos pratiques. En savoir plus!\" \/>\n<meta property=\"og:url\" content=\"https:\/\/mycomauricie.com\/en\/la-filiere\/privacy-policy\/\" \/>\n<meta property=\"og:site_name\" content=\"La Fili\u00e8re Mauricie\" \/>\n<meta property=\"article:publisher\" content=\"https:\/\/www.facebook.com\/champignonsforestiersmauricie\" \/>\n<meta property=\"article:modified_time\" content=\"2025-09-13T22:21:40+00:00\" \/>\n<meta name=\"twitter:card\" content=\"summary_large_image\" \/>\n<meta name=\"twitter:label1\" content=\"Est. reading time\" \/>\n\t<meta name=\"twitter:data1\" content=\"5 minutes\" \/>\n<script type=\"application\/ld+json\" class=\"yoast-schema-graph\">{\"@context\":\"https:\/\/schema.org\",\"@graph\":[{\"@type\":\"WebPage\",\"@id\":\"https:\/\/mycomauricie.com\/en\/la-filiere\/privacy-policy\/\",\"url\":\"https:\/\/mycomauricie.com\/en\/la-filiere\/privacy-policy\/\",\"name\":\"Politique de Confidentialit\u00e9 du Site | La Fili\u00e8re Mauricie\",\"isPartOf\":{\"@id\":\"https:\/\/mycomauricie.com\/#website\"},\"datePublished\":\"2024-07-16T15:14:06+00:00\",\"dateModified\":\"2025-09-13T22:21:40+00:00\",\"description\":\"Consultez notre politique de confidentialit\u00e9 : gestion responsable des donn\u00e9es, respect de la vie priv\u00e9e et transparence de nos pratiques. En savoir plus!\",\"breadcrumb\":{\"@id\":\"https:\/\/mycomauricie.com\/en\/la-filiere\/privacy-policy\/#breadcrumb\"},\"inLanguage\":\"en-US\",\"potentialAction\":[{\"@type\":\"ReadAction\",\"target\":[\"https:\/\/mycomauricie.com\/en\/la-filiere\/privacy-policy\/\"]}]},{\"@type\":\"BreadcrumbList\",\"@id\":\"https:\/\/mycomauricie.com\/en\/la-filiere\/privacy-policy\/#breadcrumb\",\"itemListElement\":[{\"@type\":\"ListItem\",\"position\":1,\"name\":\"Home\",\"item\":\"https:\/\/mycomauricie.com\/en\/\"},{\"@type\":\"ListItem\",\"position\":2,\"name\":\"La Fili\u00e8re\",\"item\":\"https:\/\/mycomauricie.com\/en\/la-filiere\/\"},{\"@type\":\"ListItem\",\"position\":3,\"name\":\"Privacy Policy\"}]},{\"@type\":\"WebSite\",\"@id\":\"https:\/\/mycomauricie.com\/#website\",\"url\":\"https:\/\/mycomauricie.com\/\",\"name\":\"La Fili\u00e8re Mauricie\",\"description\":\"\",\"publisher\":{\"@id\":\"https:\/\/mycomauricie.com\/#organization\"},\"potentialAction\":[{\"@type\":\"SearchAction\",\"target\":{\"@type\":\"EntryPoint\",\"urlTemplate\":\"https:\/\/mycomauricie.com\/?s={search_term_string}\"},\"query-input\":{\"@type\":\"PropertyValueSpecification\",\"valueRequired\":true,\"valueName\":\"search_term_string\"}}],\"inLanguage\":\"en-US\"},{\"@type\":\"Organization\",\"@id\":\"https:\/\/mycomauricie.com\/#organization\",\"name\":\"La Fili\u00e8re Mauricie\",\"url\":\"https:\/\/mycomauricie.com\/\",\"logo\":{\"@type\":\"ImageObject\",\"inLanguage\":\"en-US\",\"@id\":\"https:\/\/mycomauricie.com\/#\/schema\/logo\/image\/\",\"url\":\"https:\/\/mycomauricie.com\/medias\/Logo-la-filiere-signature-2.png\",\"contentUrl\":\"https:\/\/mycomauricie.com\/medias\/Logo-la-filiere-signature-2.png\",\"width\":1005,\"height\":415,\"caption\":\"La Fili\u00e8re Mauricie\"},\"image\":{\"@id\":\"https:\/\/mycomauricie.com\/#\/schema\/logo\/image\/\"},\"sameAs\":[\"https:\/\/www.facebook.com\/champignonsforestiersmauricie\",\"https:\/\/www.instagram.com\/myco04mauricie\/\"]}]}<\/script>\n<!-- \/ Yoast SEO plugin. -->","yoast_head_json":{"title":"Politique de Confidentialit\u00e9 du Site | La Fili\u00e8re Mauricie","description":"Consultez notre politique de confidentialit\u00e9 : gestion responsable des donn\u00e9es, respect de la vie priv\u00e9e et transparence de nos pratiques. En savoir plus!","robots":{"index":"index","follow":"follow","max-snippet":"max-snippet:-1","max-image-preview":"max-image-preview:large","max-video-preview":"max-video-preview:-1"},"canonical":"https:\/\/mycomauricie.com\/en\/la-filiere\/privacy-policy\/","og_locale":"en_US","og_type":"article","og_title":"Politique de Confidentialit\u00e9 du Site | La Fili\u00e8re Mauricie","og_description":"Consultez notre politique de confidentialit\u00e9 : gestion responsable des donn\u00e9es, respect de la vie priv\u00e9e et transparence de nos pratiques. En savoir plus!","og_url":"https:\/\/mycomauricie.com\/en\/la-filiere\/privacy-policy\/","og_site_name":"La Fili\u00e8re Mauricie","article_publisher":"https:\/\/www.facebook.com\/champignonsforestiersmauricie","article_modified_time":"2025-09-13T22:21:40+00:00","twitter_card":"summary_large_image","twitter_misc":{"Est. reading time":"5 minutes"},"schema":{"@context":"https:\/\/schema.org","@graph":[{"@type":"WebPage","@id":"https:\/\/mycomauricie.com\/en\/la-filiere\/privacy-policy\/","url":"https:\/\/mycomauricie.com\/en\/la-filiere\/privacy-policy\/","name":"Politique de Confidentialit\u00e9 du Site | La Fili\u00e8re Mauricie","isPartOf":{"@id":"https:\/\/mycomauricie.com\/#website"},"datePublished":"2024-07-16T15:14:06+00:00","dateModified":"2025-09-13T22:21:40+00:00","description":"Consultez notre politique de confidentialit\u00e9 : gestion responsable des donn\u00e9es, respect de la vie priv\u00e9e et transparence de nos pratiques. En savoir plus!","breadcrumb":{"@id":"https:\/\/mycomauricie.com\/en\/la-filiere\/privacy-policy\/#breadcrumb"},"inLanguage":"en-US","potentialAction":[{"@type":"ReadAction","target":["https:\/\/mycomauricie.com\/en\/la-filiere\/privacy-policy\/"]}]},{"@type":"BreadcrumbList","@id":"https:\/\/mycomauricie.com\/en\/la-filiere\/privacy-policy\/#breadcrumb","itemListElement":[{"@type":"ListItem","position":1,"name":"Home","item":"https:\/\/mycomauricie.com\/en\/"},{"@type":"ListItem","position":2,"name":"La Fili\u00e8re","item":"https:\/\/mycomauricie.com\/en\/la-filiere\/"},{"@type":"ListItem","position":3,"name":"Privacy Policy"}]},{"@type":"WebSite","@id":"https:\/\/mycomauricie.com\/#website","url":"https:\/\/mycomauricie.com\/","name":"La Fili\u00e8re Mauricie","description":"","publisher":{"@id":"https:\/\/mycomauricie.com\/#organization"},"potentialAction":[{"@type":"SearchAction","target":{"@type":"EntryPoint","urlTemplate":"https:\/\/mycomauricie.com\/?s={search_term_string}"},"query-input":{"@type":"PropertyValueSpecification","valueRequired":true,"valueName":"search_term_string"}}],"inLanguage":"en-US"},{"@type":"Organization","@id":"https:\/\/mycomauricie.com\/#organization","name":"La Fili\u00e8re Mauricie","url":"https:\/\/mycomauricie.com\/","logo":{"@type":"ImageObject","inLanguage":"en-US","@id":"https:\/\/mycomauricie.com\/#\/schema\/logo\/image\/","url":"https:\/\/mycomauricie.com\/medias\/Logo-la-filiere-signature-2.png","contentUrl":"https:\/\/mycomauricie.com\/medias\/Logo-la-filiere-signature-2.png","width":1005,"height":415,"caption":"La Fili\u00e8re Mauricie"},"image":{"@id":"https:\/\/mycomauricie.com\/#\/schema\/logo\/image\/"},"sameAs":["https:\/\/www.facebook.com\/champignonsforestiersmauricie","https:\/\/www.instagram.com\/myco04mauricie\/"]}]}},"_links":{"self":[{"href":"https:\/\/mycomauricie.com\/en\/wp-json\/wp\/v2\/pages\/12434","targetHints":{"allow":["GET"]}}],"collection":[{"href":"https:\/\/mycomauricie.com\/en\/wp-json\/wp\/v2\/pages"}],"about":[{"href":"https:\/\/mycomauricie.com\/en\/wp-json\/wp\/v2\/types\/page"}],"author":[{"embeddable":true,"href":"https:\/\/mycomauricie.com\/en\/wp-json\/wp\/v2\/users\/2"}],"replies":[{"embeddable":true,"href":"https:\/\/mycomauricie.com\/en\/wp-json\/wp\/v2\/comments?post=12434"}],"version-history":[{"count":2,"href":"https:\/\/mycomauricie.com\/en\/wp-json\/wp\/v2\/pages\/12434\/revisions"}],"predecessor-version":[{"id":13433,"href":"https:\/\/mycomauricie.com\/en\/wp-json\/wp\/v2\/pages\/12434\/revisions\/13433"}],"up":[{"embeddable":true,"href":"https:\/\/mycomauricie.com\/en\/wp-json\/wp\/v2\/pages\/12405"}],"wp:attachment":[{"href":"https:\/\/mycomauricie.com\/en\/wp-json\/wp\/v2\/media?parent=12434"}],"curies":[{"name":"wp","href":"https:\/\/api.w.org\/{rel}","templated":true}]}}