{"id":12429,"date":"2024-07-16T11:12:51","date_gmt":"2024-07-16T15:12:51","guid":{"rendered":"https:\/\/mycomauricie.com\/la-filiere\/composition\/"},"modified":"2025-09-13T18:21:21","modified_gmt":"2025-09-13T22:21:21","slug":"composition","status":"publish","type":"page","link":"https:\/\/mycomauricie.com\/en\/la-filiere\/composition\/","title":{"rendered":"Composition"},"content":{"rendered":"<div class=\"fmm-punch credit-photo-anim \" style=\"background-image: url(https:\/\/mycomauricie.com\/medias\/Plein-air-deux-tasses-sur-buche-scaled-aspect-ratio-2554-1417-scaled.jpg);\">\r\n    <div class=\"div-inner\">\r\n\r\n        <div class=\"fmm-cta-contenu\">\r\n                                                \r\n                    <\/div>\r\n\r\n    <\/div>\r\n    \r\n    <span class=\"credit-photo\">\u00a9 designed by Freepik<\/span>\r\n<\/div><p>La Fili\u00e8re brings together the economic activities linked to the promotion of mushrooms and forest edibles from forest to table. Representatives from foraging, processing, tourism and gastronomy, academic institutions, research and development, and users of both public and private forest lands make up the large assembly of La Fili\u00e8re, alongside regional development ministries and organizations in Mauricie. From this assembly, representatives are elected to La Fili\u00e8re\u2019s Steering Committee.<\/p><h3 class=\"wp-block-heading\"><strong>STEERING COMMITTEE<\/strong><\/h3><div class=\"wp-block-columns is-layout-flex wp-container-core-columns-is-layout-9d6595d7 wp-block-columns-is-layout-flex\"><div class=\"wp-block-column is-layout-flow wp-block-column-is-layout-flow\"><figure class=\"wp-block-image size-full has-custom-border\"><img loading=\"lazy\" decoding=\"async\" width=\"2560\" height=\"1707\" src=\"https:\/\/mycomauricie.com\/medias\/Recolte-cueilleur-gros-plan-coupe-panier-main-scaled.jpg\" alt=\"\" class=\"wp-image-3971\" style=\"border-radius:15px;aspect-ratio:16\/9;object-fit:cover\" srcset=\"https:\/\/mycomauricie.com\/medias\/Recolte-cueilleur-gros-plan-coupe-panier-main-scaled.jpg 2560w, https:\/\/mycomauricie.com\/medias\/Recolte-cueilleur-gros-plan-coupe-panier-main-300x200.jpg 300w, https:\/\/mycomauricie.com\/medias\/Recolte-cueilleur-gros-plan-coupe-panier-main-scaled-600x400.jpg 600w\" sizes=\"auto, (max-width: 2560px) 100vw, 2560px\" \/><figcaption class=\"wp-element-caption\">\u00a9 Ralph S\u00e9vigny<\/figcaption><\/figure>\n\n<h4 class=\"wp-block-heading\"><strong><strong>Foraging and Production<\/strong><\/strong><\/h4>\n\n<p><strong>Mike Walker<\/strong><br>Gastronomie Bor\u00e9ale<br><strong>Patrick Lamy<\/strong><br>Monsieur Champignon<\/p><\/div>\n\n<div class=\"wp-block-column is-layout-flow wp-block-column-is-layout-flow\"><figure class=\"wp-block-image size-full has-custom-border\"><img loading=\"lazy\" decoding=\"async\" width=\"1080\" height=\"720\" src=\"https:\/\/mycomauricie.com\/medias\/Mycotourisme-initiation-cueillette-groupe-guide-foret.jpg\" alt=\"\" class=\"wp-image-2098\" style=\"border-radius:15px;aspect-ratio:16\/9;object-fit:cover\" srcset=\"https:\/\/mycomauricie.com\/medias\/Mycotourisme-initiation-cueillette-groupe-guide-foret.jpg 1080w, https:\/\/mycomauricie.com\/medias\/Mycotourisme-initiation-cueillette-groupe-guide-foret-300x200.jpg 300w, https:\/\/mycomauricie.com\/medias\/Mycotourisme-initiation-cueillette-groupe-guide-foret-600x400.jpg 600w, https:\/\/mycomauricie.com\/medias\/Mycotourisme-initiation-cueillette-groupe-guide-foret-768x512.jpg 768w\" sizes=\"auto, (max-width: 1080px) 100vw, 1080px\" \/><figcaption class=\"wp-element-caption\">\u00a9 Marilyn Berthiaume<\/figcaption><\/figure>\n\n<h4 class=\"wp-block-heading\"><strong><strong>Mycotourism and Gastronomy<\/strong><\/strong><\/h4>\n\n<p><strong>Lorraine Hall\u00e9<\/strong><br>Les Champignons du Lac \u00c9douard<br><strong>Isabelle Dupuis<\/strong><br>Microbrasserie Le Presbyt\u00e8re<br><strong>Simon Lafontaine<\/strong><br>Lutin Marmiton<\/p><\/div>\n\n<div class=\"wp-block-column is-layout-flow wp-block-column-is-layout-flow\"><figure class=\"wp-block-image size-full has-custom-border\"><img loading=\"lazy\" decoding=\"async\" width=\"1200\" height=\"900\" src=\"https:\/\/mycomauricie.com\/medias\/Formateur-en-action-Yvan-Perreault.jpg\" alt=\"\" class=\"wp-image-2070\" style=\"border-radius:15px;aspect-ratio:16\/9;object-fit:cover\" srcset=\"https:\/\/mycomauricie.com\/medias\/Formateur-en-action-Yvan-Perreault.jpg 1200w, https:\/\/mycomauricie.com\/medias\/Formateur-en-action-Yvan-Perreault-300x225.jpg 300w, https:\/\/mycomauricie.com\/medias\/Formateur-en-action-Yvan-Perreault-600x450.jpg 600w, https:\/\/mycomauricie.com\/medias\/Formateur-en-action-Yvan-Perreault-768x576.jpg 768w\" sizes=\"auto, (max-width: 1200px) 100vw, 1200px\" \/><\/figure>\n\n<h4 class=\"wp-block-heading\"><strong><br><strong>Research and Training<\/strong><\/strong><\/h4>\n\n<p><strong>Hugo Germain<\/strong><br>Universit\u00e9 du Qu\u00e9bec \u00e0 Trois-Rivi\u00e8res<br><strong>Yvan Perreault<\/strong><br>Jardin des noix<\/p><\/div><\/div><div class=\"wp-block-columns is-layout-flex wp-container-core-columns-is-layout-9d6595d7 wp-block-columns-is-layout-flex\"><div class=\"wp-block-column is-layout-flow wp-block-column-is-layout-flow\"><figure class=\"wp-block-image size-full has-custom-border\"><img loading=\"lazy\" decoding=\"async\" width=\"1680\" height=\"1120\" src=\"https:\/\/mycomauricie.com\/medias\/Plein-air-automne-paysage-en-hydravion.jpg\" alt=\"\" class=\"wp-image-1805\" style=\"border-radius:15px;aspect-ratio:16\/9;object-fit:cover\" srcset=\"https:\/\/mycomauricie.com\/medias\/Plein-air-automne-paysage-en-hydravion.jpg 1680w, https:\/\/mycomauricie.com\/medias\/Plein-air-automne-paysage-en-hydravion-300x200.jpg 300w, https:\/\/mycomauricie.com\/medias\/Plein-air-automne-paysage-en-hydravion-600x400.jpg 600w, https:\/\/mycomauricie.com\/medias\/Plein-air-automne-paysage-en-hydravion-768x512.jpg 768w, https:\/\/mycomauricie.com\/medias\/Plein-air-automne-paysage-en-hydravion-1536x1024.jpg 1536w\" sizes=\"auto, (max-width: 1680px) 100vw, 1680px\" \/><\/figure>\n\n<h4 class=\"wp-block-heading\"><strong>Coordination<\/strong><\/h4>\n\n<p><strong>Patrick Lupien<\/strong> ing, f. Coordonnateur<br><strong>Laurier Mongrain<\/strong><br>Repr\u00e9sentant du Syndicat des producteurs de bois de la Mauricie<\/p><\/div>\n\n<div class=\"wp-block-column is-layout-flow wp-block-column-is-layout-flow\"><figure class=\"wp-block-image size-large has-custom-border\"><img loading=\"lazy\" decoding=\"async\" width=\"2000\" height=\"1333\" src=\"https:\/\/mycomauricie.com\/medias\/Plein-air-boisson-chaude-gros-plan-foret-2000x1333.jpg\" alt=\"\" class=\"wp-image-1810\" style=\"border-radius:15px;aspect-ratio:16\/9;object-fit:cover\" srcset=\"https:\/\/mycomauricie.com\/medias\/Plein-air-boisson-chaude-gros-plan-foret-2000x1333.jpg 2000w, https:\/\/mycomauricie.com\/medias\/Plein-air-boisson-chaude-gros-plan-foret-300x200.jpg 300w, https:\/\/mycomauricie.com\/medias\/Plein-air-boisson-chaude-gros-plan-foret-scaled-600x400.jpg 600w, https:\/\/mycomauricie.com\/medias\/Plein-air-boisson-chaude-gros-plan-foret-768x512.jpg 768w, https:\/\/mycomauricie.com\/medias\/Plein-air-boisson-chaude-gros-plan-foret-1536x1024.jpg 1536w, https:\/\/mycomauricie.com\/medias\/Plein-air-boisson-chaude-gros-plan-foret-2048x1365.jpg 2048w\" sizes=\"auto, (max-width: 2000px) 100vw, 2000px\" \/><\/figure>\n\n<h4 class=\"wp-block-heading\"><strong><strong>Observer Members<\/strong><\/strong><\/h4>\n\n<p><strong>Karine Allard<\/strong><br>Agriculture &#8211; MAPAQ<br><strong>Maxim Beaudoin<\/strong><br>For\u00eat \u2013 MRNF<\/p><\/div>\n\n<div class=\"wp-block-column is-layout-flow wp-block-column-is-layout-flow\"><figure class=\"wp-block-image size-large has-custom-border\"><img loading=\"lazy\" decoding=\"async\" width=\"1000\" height=\"1500\" src=\"https:\/\/mycomauricie.com\/medias\/Plein-air-branche-epinette-tm-1000x1500.jpg\" alt=\"\" class=\"wp-image-1811\" style=\"border-radius:15px;aspect-ratio:16\/9;object-fit:cover\" srcset=\"https:\/\/mycomauricie.com\/medias\/Plein-air-branche-epinette-tm-1000x1500.jpg 1000w, https:\/\/mycomauricie.com\/medias\/Plein-air-branche-epinette-tm-scaled-300x450.jpg 300w, https:\/\/mycomauricie.com\/medias\/Plein-air-branche-epinette-tm-scaled-600x900.jpg 600w, https:\/\/mycomauricie.com\/medias\/Plein-air-branche-epinette-tm-200x300.jpg 200w, https:\/\/mycomauricie.com\/medias\/Plein-air-branche-epinette-tm-768x1152.jpg 768w, https:\/\/mycomauricie.com\/medias\/Plein-air-branche-epinette-tm-1024x1536.jpg 1024w, https:\/\/mycomauricie.com\/medias\/Plein-air-branche-epinette-tm-1365x2048.jpg 1365w, https:\/\/mycomauricie.com\/medias\/Plein-air-branche-epinette-tm-scaled.jpg 1707w\" sizes=\"auto, (max-width: 1000px) 100vw, 1000px\" \/><\/figure>\n\n<h4 class=\"wp-block-heading\"><strong><strong>Observer Members<\/strong><\/strong><\/h4>\n\n<p><strong>Andr\u00e9anne Renaud<\/strong><br>Agroalimentaire &#8211; PDAAM<br><strong>Marie-Jos\u00e9e Savard<\/strong><br>Tourisme Mauricie &#8211; Tourisme<\/p><\/div><\/div>","protected":false},"excerpt":{"rendered":"<p>La Fili\u00e8re brings together the economic activities linked to the promotion of mushrooms and forest edibles from forest to table. Representatives from foraging, processing, tourism and gastronomy, academic institutions, research and development, and users of both public and private forest lands make up the large assembly of La Fili\u00e8re, alongside regional development ministries and organizations [&hellip;]<\/p>\n","protected":false},"author":4,"featured_media":0,"parent":12405,"menu_order":58,"comment_status":"closed","ping_status":"closed","template":"","meta":{"_acf_changed":false,"footnotes":""},"class_list":["post-12429","page","type-page","status-publish","hentry"],"acf":[],"yoast_head":"<!-- This site is optimized with the Yoast SEO plugin v25.7 - https:\/\/yoast.com\/wordpress\/plugins\/seo\/ -->\n<title>\u00c9quipe | Composition de la Struture | La Fili\u00e8re Mauricie<\/title>\n<meta name=\"description\" content=\"Rencontrez les membres de La Fili\u00e8re Mauricie : expert\u00b7es, passionn\u00e9\u00b7es et partenaires unis pour valoriser la for\u00eat comestible.En savoir plus !\" \/>\n<meta name=\"robots\" content=\"index, follow, max-snippet:-1, max-image-preview:large, max-video-preview:-1\" \/>\n<link rel=\"canonical\" href=\"https:\/\/mycomauricie.com\/en\/la-filiere\/composition\/\" \/>\n<meta property=\"og:locale\" content=\"en_US\" \/>\n<meta property=\"og:type\" content=\"article\" \/>\n<meta property=\"og:title\" content=\"\u00c9quipe | Composition de la Struture | La Fili\u00e8re Mauricie\" \/>\n<meta property=\"og:description\" content=\"Rencontrez les membres de La Fili\u00e8re Mauricie : expert\u00b7es, passionn\u00e9\u00b7es et partenaires unis pour valoriser la for\u00eat comestible.En savoir plus !\" \/>\n<meta property=\"og:url\" content=\"https:\/\/mycomauricie.com\/en\/la-filiere\/composition\/\" \/>\n<meta property=\"og:site_name\" content=\"La Fili\u00e8re Mauricie\" \/>\n<meta property=\"article:publisher\" content=\"https:\/\/www.facebook.com\/champignonsforestiersmauricie\" \/>\n<meta property=\"article:modified_time\" content=\"2025-09-13T22:21:21+00:00\" \/>\n<meta property=\"og:image\" content=\"https:\/\/mycomauricie.com\/medias\/Recolte-cueilleur-gros-plan-coupe-panier-main-scaled.jpg\" \/>\n\t<meta property=\"og:image:width\" content=\"2560\" \/>\n\t<meta property=\"og:image:height\" content=\"1707\" \/>\n\t<meta property=\"og:image:type\" content=\"image\/jpeg\" \/>\n<meta name=\"twitter:card\" content=\"summary_large_image\" \/>\n<meta name=\"twitter:label1\" content=\"Est. reading time\" \/>\n\t<meta name=\"twitter:data1\" content=\"3 minutes\" \/>\n<script type=\"application\/ld+json\" class=\"yoast-schema-graph\">{\"@context\":\"https:\/\/schema.org\",\"@graph\":[{\"@type\":\"WebPage\",\"@id\":\"https:\/\/mycomauricie.com\/en\/la-filiere\/composition\/\",\"url\":\"https:\/\/mycomauricie.com\/en\/la-filiere\/composition\/\",\"name\":\"\u00c9quipe | Composition de la Struture | La Fili\u00e8re Mauricie\",\"isPartOf\":{\"@id\":\"https:\/\/mycomauricie.com\/#website\"},\"primaryImageOfPage\":{\"@id\":\"https:\/\/mycomauricie.com\/en\/la-filiere\/composition\/#primaryimage\"},\"image\":{\"@id\":\"https:\/\/mycomauricie.com\/en\/la-filiere\/composition\/#primaryimage\"},\"thumbnailUrl\":\"https:\/\/mycomauricie.com\/medias\/Recolte-cueilleur-gros-plan-coupe-panier-main-scaled.jpg\",\"datePublished\":\"2024-07-16T15:12:51+00:00\",\"dateModified\":\"2025-09-13T22:21:21+00:00\",\"description\":\"Rencontrez les membres de La Fili\u00e8re Mauricie : expert\u00b7es, passionn\u00e9\u00b7es et partenaires unis pour valoriser la for\u00eat comestible.En savoir plus !\",\"breadcrumb\":{\"@id\":\"https:\/\/mycomauricie.com\/en\/la-filiere\/composition\/#breadcrumb\"},\"inLanguage\":\"en-US\",\"potentialAction\":[{\"@type\":\"ReadAction\",\"target\":[\"https:\/\/mycomauricie.com\/en\/la-filiere\/composition\/\"]}]},{\"@type\":\"ImageObject\",\"inLanguage\":\"en-US\",\"@id\":\"https:\/\/mycomauricie.com\/en\/la-filiere\/composition\/#primaryimage\",\"url\":\"https:\/\/mycomauricie.com\/medias\/Recolte-cueilleur-gros-plan-coupe-panier-main-scaled.jpg\",\"contentUrl\":\"https:\/\/mycomauricie.com\/medias\/Recolte-cueilleur-gros-plan-coupe-panier-main-scaled.jpg\"},{\"@type\":\"BreadcrumbList\",\"@id\":\"https:\/\/mycomauricie.com\/en\/la-filiere\/composition\/#breadcrumb\",\"itemListElement\":[{\"@type\":\"ListItem\",\"position\":1,\"name\":\"Home\",\"item\":\"https:\/\/mycomauricie.com\/en\/\"},{\"@type\":\"ListItem\",\"position\":2,\"name\":\"La Fili\u00e8re\",\"item\":\"https:\/\/mycomauricie.com\/en\/la-filiere\/\"},{\"@type\":\"ListItem\",\"position\":3,\"name\":\"Composition\"}]},{\"@type\":\"WebSite\",\"@id\":\"https:\/\/mycomauricie.com\/#website\",\"url\":\"https:\/\/mycomauricie.com\/\",\"name\":\"La Fili\u00e8re Mauricie\",\"description\":\"\",\"publisher\":{\"@id\":\"https:\/\/mycomauricie.com\/#organization\"},\"potentialAction\":[{\"@type\":\"SearchAction\",\"target\":{\"@type\":\"EntryPoint\",\"urlTemplate\":\"https:\/\/mycomauricie.com\/?s={search_term_string}\"},\"query-input\":{\"@type\":\"PropertyValueSpecification\",\"valueRequired\":true,\"valueName\":\"search_term_string\"}}],\"inLanguage\":\"en-US\"},{\"@type\":\"Organization\",\"@id\":\"https:\/\/mycomauricie.com\/#organization\",\"name\":\"La Fili\u00e8re Mauricie\",\"url\":\"https:\/\/mycomauricie.com\/\",\"logo\":{\"@type\":\"ImageObject\",\"inLanguage\":\"en-US\",\"@id\":\"https:\/\/mycomauricie.com\/#\/schema\/logo\/image\/\",\"url\":\"https:\/\/mycomauricie.com\/medias\/Logo-la-filiere-signature-2.png\",\"contentUrl\":\"https:\/\/mycomauricie.com\/medias\/Logo-la-filiere-signature-2.png\",\"width\":1005,\"height\":415,\"caption\":\"La Fili\u00e8re Mauricie\"},\"image\":{\"@id\":\"https:\/\/mycomauricie.com\/#\/schema\/logo\/image\/\"},\"sameAs\":[\"https:\/\/www.facebook.com\/champignonsforestiersmauricie\",\"https:\/\/www.instagram.com\/myco04mauricie\/\"]}]}<\/script>\n<!-- \/ Yoast SEO plugin. -->","yoast_head_json":{"title":"\u00c9quipe | Composition de la Struture | La Fili\u00e8re Mauricie","description":"Rencontrez les membres de La Fili\u00e8re Mauricie : expert\u00b7es, passionn\u00e9\u00b7es et partenaires unis pour valoriser la for\u00eat comestible.En savoir plus !","robots":{"index":"index","follow":"follow","max-snippet":"max-snippet:-1","max-image-preview":"max-image-preview:large","max-video-preview":"max-video-preview:-1"},"canonical":"https:\/\/mycomauricie.com\/en\/la-filiere\/composition\/","og_locale":"en_US","og_type":"article","og_title":"\u00c9quipe | Composition de la Struture | La Fili\u00e8re Mauricie","og_description":"Rencontrez les membres de La Fili\u00e8re Mauricie : expert\u00b7es, passionn\u00e9\u00b7es et partenaires unis pour valoriser la for\u00eat comestible.En savoir plus !","og_url":"https:\/\/mycomauricie.com\/en\/la-filiere\/composition\/","og_site_name":"La Fili\u00e8re Mauricie","article_publisher":"https:\/\/www.facebook.com\/champignonsforestiersmauricie","article_modified_time":"2025-09-13T22:21:21+00:00","og_image":[{"width":2560,"height":1707,"url":"https:\/\/mycomauricie.com\/medias\/Recolte-cueilleur-gros-plan-coupe-panier-main-scaled.jpg","type":"image\/jpeg"}],"twitter_card":"summary_large_image","twitter_misc":{"Est. reading time":"3 minutes"},"schema":{"@context":"https:\/\/schema.org","@graph":[{"@type":"WebPage","@id":"https:\/\/mycomauricie.com\/en\/la-filiere\/composition\/","url":"https:\/\/mycomauricie.com\/en\/la-filiere\/composition\/","name":"\u00c9quipe | Composition de la Struture | La Fili\u00e8re Mauricie","isPartOf":{"@id":"https:\/\/mycomauricie.com\/#website"},"primaryImageOfPage":{"@id":"https:\/\/mycomauricie.com\/en\/la-filiere\/composition\/#primaryimage"},"image":{"@id":"https:\/\/mycomauricie.com\/en\/la-filiere\/composition\/#primaryimage"},"thumbnailUrl":"https:\/\/mycomauricie.com\/medias\/Recolte-cueilleur-gros-plan-coupe-panier-main-scaled.jpg","datePublished":"2024-07-16T15:12:51+00:00","dateModified":"2025-09-13T22:21:21+00:00","description":"Rencontrez les membres de La Fili\u00e8re Mauricie : expert\u00b7es, passionn\u00e9\u00b7es et partenaires unis pour valoriser la for\u00eat comestible.En savoir plus !","breadcrumb":{"@id":"https:\/\/mycomauricie.com\/en\/la-filiere\/composition\/#breadcrumb"},"inLanguage":"en-US","potentialAction":[{"@type":"ReadAction","target":["https:\/\/mycomauricie.com\/en\/la-filiere\/composition\/"]}]},{"@type":"ImageObject","inLanguage":"en-US","@id":"https:\/\/mycomauricie.com\/en\/la-filiere\/composition\/#primaryimage","url":"https:\/\/mycomauricie.com\/medias\/Recolte-cueilleur-gros-plan-coupe-panier-main-scaled.jpg","contentUrl":"https:\/\/mycomauricie.com\/medias\/Recolte-cueilleur-gros-plan-coupe-panier-main-scaled.jpg"},{"@type":"BreadcrumbList","@id":"https:\/\/mycomauricie.com\/en\/la-filiere\/composition\/#breadcrumb","itemListElement":[{"@type":"ListItem","position":1,"name":"Home","item":"https:\/\/mycomauricie.com\/en\/"},{"@type":"ListItem","position":2,"name":"La Fili\u00e8re","item":"https:\/\/mycomauricie.com\/en\/la-filiere\/"},{"@type":"ListItem","position":3,"name":"Composition"}]},{"@type":"WebSite","@id":"https:\/\/mycomauricie.com\/#website","url":"https:\/\/mycomauricie.com\/","name":"La Fili\u00e8re Mauricie","description":"","publisher":{"@id":"https:\/\/mycomauricie.com\/#organization"},"potentialAction":[{"@type":"SearchAction","target":{"@type":"EntryPoint","urlTemplate":"https:\/\/mycomauricie.com\/?s={search_term_string}"},"query-input":{"@type":"PropertyValueSpecification","valueRequired":true,"valueName":"search_term_string"}}],"inLanguage":"en-US"},{"@type":"Organization","@id":"https:\/\/mycomauricie.com\/#organization","name":"La Fili\u00e8re Mauricie","url":"https:\/\/mycomauricie.com\/","logo":{"@type":"ImageObject","inLanguage":"en-US","@id":"https:\/\/mycomauricie.com\/#\/schema\/logo\/image\/","url":"https:\/\/mycomauricie.com\/medias\/Logo-la-filiere-signature-2.png","contentUrl":"https:\/\/mycomauricie.com\/medias\/Logo-la-filiere-signature-2.png","width":1005,"height":415,"caption":"La Fili\u00e8re Mauricie"},"image":{"@id":"https:\/\/mycomauricie.com\/#\/schema\/logo\/image\/"},"sameAs":["https:\/\/www.facebook.com\/champignonsforestiersmauricie","https:\/\/www.instagram.com\/myco04mauricie\/"]}]}},"_links":{"self":[{"href":"https:\/\/mycomauricie.com\/en\/wp-json\/wp\/v2\/pages\/12429","targetHints":{"allow":["GET"]}}],"collection":[{"href":"https:\/\/mycomauricie.com\/en\/wp-json\/wp\/v2\/pages"}],"about":[{"href":"https:\/\/mycomauricie.com\/en\/wp-json\/wp\/v2\/types\/page"}],"author":[{"embeddable":true,"href":"https:\/\/mycomauricie.com\/en\/wp-json\/wp\/v2\/users\/4"}],"replies":[{"embeddable":true,"href":"https:\/\/mycomauricie.com\/en\/wp-json\/wp\/v2\/comments?post=12429"}],"version-history":[{"count":2,"href":"https:\/\/mycomauricie.com\/en\/wp-json\/wp\/v2\/pages\/12429\/revisions"}],"predecessor-version":[{"id":12439,"href":"https:\/\/mycomauricie.com\/en\/wp-json\/wp\/v2\/pages\/12429\/revisions\/12439"}],"up":[{"embeddable":true,"href":"https:\/\/mycomauricie.com\/en\/wp-json\/wp\/v2\/pages\/12405"}],"wp:attachment":[{"href":"https:\/\/mycomauricie.com\/en\/wp-json\/wp\/v2\/media?parent=12429"}],"curies":[{"name":"wp","href":"https:\/\/api.w.org\/{rel}","templated":true}]}}