{"id":12426,"date":"2024-07-16T11:12:24","date_gmt":"2024-07-16T15:12:24","guid":{"rendered":"https:\/\/mycomauricie.com\/la-filiere\/role-mandats\/"},"modified":"2025-09-13T18:21:33","modified_gmt":"2025-09-13T22:21:33","slug":"roles-and-mandates","status":"publish","type":"page","link":"https:\/\/mycomauricie.com\/en\/la-filiere\/roles-and-mandates\/","title":{"rendered":"Roles and Mandates"},"content":{"rendered":"<div class=\"wp-block-columns is-layout-flex wp-container-core-columns-is-layout-9d6595d7 wp-block-columns-is-layout-flex\"><div class=\"wp-block-column is-layout-flow wp-block-column-is-layout-flow\"><div class=\"gallery gallery-trois\">                \r\n    <div class=\"gallery-trois-1 credit-photo-anim\">\r\n        <img decoding=\"async\" alt=\"\" src=\"https:\/\/mycomauricie.com\/medias\/Mycotourisme-initiation-cueillette-poivre-des-dunes-aspect-ratio-2-1.jpg\">\r\n        <span class=\"credit-photo\">\u00a9 Marilyn Berthiaume<\/span>    <\/div>  \r\n    <div class=\"gallery-trois-2 credit-photo-anim\">\r\n        <img decoding=\"async\" alt=\"\" src=\"https:\/\/mycomauricie.com\/medias\/Mycotourisme-initiation-cueillette-femme-champignons-en-main-scaled-aspect-ratio-1-2-scaled.jpg\">\r\n        <span class=\"credit-photo\">\u00a9 Tourisme Mauricie<\/span>    <\/div>  \r\n    <div class=\"gallery-trois-3 credit-photo-anim\">\r\n        <img decoding=\"async\" alt=\"\" src=\"https:\/\/mycomauricie.com\/medias\/Cuisine-nordique-recette-dessert-sauvage-lutin-marmiton-scaled-aspect-ratio-2-1-scaled.jpg\">\r\n        <span class=\"credit-photo\">\u00a9 La Fili\u00e8re Mauricie<\/span>    <\/div>  \r\n<\/div><\/div>\n\n<div class=\"wp-block-column is-layout-flow wp-block-column-is-layout-flow\"><h2 class=\"wp-block-heading\"><strong>ROLES<\/strong><\/h2>\n\n<p>La Fili\u00e8re\u2019s main roles are to initiate, stimulate, and foster exchanges between individuals, organizations, businesses, and regional development bodies (ministries, MRC, municipalities, etc.) linked to foraging, mycotourism, forest gastronomy, training, and research. The goal is to sustainably structure the promotion and development of mushrooms and forest edibles in Mauricie.<\/p>\n\n<h2 class=\"wp-block-heading\"><strong>MANDATES<\/strong><\/h2>\n\n<p>La Fili\u00e8re\u2019s coordination team is mandated to create environments of opportunity and to actively and responsibly promote the socio-economic development potential of mushrooms and forest edibles in Mauricie..<br><\/p><\/div><\/div><h4 class=\"wp-block-heading\"><strong>A SPOTLIGHT ON LOCAL TALENT<\/strong><\/h4><p>Our website actively promotes the sharing of photos taken by residents of the region, encouraging them to participate in the visual expression of the site. These images highlight local talent collectively, creating a unique showcase of the region\u2019s beauty and expertise. Join in and contribute to enriching the visual landscape of our platform!<\/p><div class=\"fmm-punch credit-photo-anim \" style=\"background-image: url(https:\/\/mycomauricie.com\/medias\/Site-web-bande-arriere-21-aspect-ratio-2-1.jpg);\">\r\n    <div class=\"div-inner\">\r\n\r\n        <div class=\"fmm-cta-contenu\">\r\n            <div class=\"fmm-cta-l1\" data-aos=\"fade-right\" data-aos-duration=\"500\" data-aos-delay=\"0\">GROW YOUR BUSINESS <\/div>            <div class=\"fmm-cta-l3\" data-aos=\"fade-right\" data-aos-duration=\"500\" data-aos-delay=\"200\">IN MAURICIE<\/div>            <p data-aos=\"fade-right\" data-aos-duration=\"500\" data-aos-delay=\"400\">SUPPORT AND GUIDANCE<\/p>            \r\n                        <a href=\"https:\/\/mycomauricie.com\/en\/club-myco-04\/batir-son-entreprise\/\" target=\"\" class=\"btn-stylise\" data-aos=\"fade-right\" data-aos-duration=\"500\">TO LEARN MORE<\/a>\r\n                    <\/div>\r\n\r\n    <\/div>\r\n    \r\n    <span class=\"credit-photo\">\u00a9 Patrick Lupien<\/span>\r\n<\/div>","protected":false},"excerpt":{"rendered":"<p>ROLES La Fili\u00e8re\u2019s main roles are to initiate, stimulate, and foster exchanges between individuals, organizations, businesses, and regional development bodies (ministries, MRC, municipalities, etc.) linked to foraging, mycotourism, forest gastronomy, training, and research. The goal is to sustainably structure the promotion and development of mushrooms and forest edibles in Mauricie. MANDATES La Fili\u00e8re\u2019s coordination team [&hellip;]<\/p>\n","protected":false},"author":2,"featured_media":0,"parent":12405,"menu_order":66,"comment_status":"closed","ping_status":"closed","template":"","meta":{"_acf_changed":false,"footnotes":""},"class_list":["post-12426","page","type-page","status-publish","hentry"],"acf":[],"yoast_head":"<!-- This site is optimized with the Yoast SEO plugin v25.7 - https:\/\/yoast.com\/wordpress\/plugins\/seo\/ -->\n<title>R\u00f4le &amp; Mandats | Structurer &amp; Promouvoir | La Fili\u00e8re Mauricie<\/title>\n<meta name=\"description\" content=\"Apprenez-en plus sur le r\u00f4le et les mandats de La Fili\u00e8re Mauricie : structurer, promouvoir et accompagner la fili\u00e8re foresti\u00e8re comestible.\" \/>\n<meta name=\"robots\" content=\"index, follow, max-snippet:-1, max-image-preview:large, max-video-preview:-1\" \/>\n<link rel=\"canonical\" href=\"https:\/\/mycomauricie.com\/en\/la-filiere\/roles-and-mandates\/\" \/>\n<meta property=\"og:locale\" content=\"en_US\" \/>\n<meta property=\"og:type\" content=\"article\" \/>\n<meta property=\"og:title\" content=\"R\u00f4le &amp; Mandats | Structurer &amp; Promouvoir | La Fili\u00e8re Mauricie\" \/>\n<meta property=\"og:description\" content=\"Apprenez-en plus sur le r\u00f4le et les mandats de La Fili\u00e8re Mauricie : structurer, promouvoir et accompagner la fili\u00e8re foresti\u00e8re comestible.\" \/>\n<meta property=\"og:url\" content=\"https:\/\/mycomauricie.com\/en\/la-filiere\/roles-and-mandates\/\" \/>\n<meta property=\"og:site_name\" content=\"La Fili\u00e8re Mauricie\" \/>\n<meta property=\"article:publisher\" content=\"https:\/\/www.facebook.com\/champignonsforestiersmauricie\" \/>\n<meta property=\"article:modified_time\" content=\"2025-09-13T22:21:33+00:00\" \/>\n<meta name=\"twitter:card\" content=\"summary_large_image\" \/>\n<meta name=\"twitter:label1\" content=\"Est. reading time\" \/>\n\t<meta name=\"twitter:data1\" content=\"1 minute\" \/>\n<script type=\"application\/ld+json\" class=\"yoast-schema-graph\">{\"@context\":\"https:\/\/schema.org\",\"@graph\":[{\"@type\":\"WebPage\",\"@id\":\"https:\/\/mycomauricie.com\/en\/la-filiere\/roles-and-mandates\/\",\"url\":\"https:\/\/mycomauricie.com\/en\/la-filiere\/roles-and-mandates\/\",\"name\":\"R\u00f4le & Mandats | Structurer & Promouvoir | La Fili\u00e8re Mauricie\",\"isPartOf\":{\"@id\":\"https:\/\/mycomauricie.com\/#website\"},\"datePublished\":\"2024-07-16T15:12:24+00:00\",\"dateModified\":\"2025-09-13T22:21:33+00:00\",\"description\":\"Apprenez-en plus sur le r\u00f4le et les mandats de La Fili\u00e8re Mauricie : structurer, promouvoir et accompagner la fili\u00e8re foresti\u00e8re comestible.\",\"breadcrumb\":{\"@id\":\"https:\/\/mycomauricie.com\/en\/la-filiere\/roles-and-mandates\/#breadcrumb\"},\"inLanguage\":\"en-US\",\"potentialAction\":[{\"@type\":\"ReadAction\",\"target\":[\"https:\/\/mycomauricie.com\/en\/la-filiere\/roles-and-mandates\/\"]}]},{\"@type\":\"BreadcrumbList\",\"@id\":\"https:\/\/mycomauricie.com\/en\/la-filiere\/roles-and-mandates\/#breadcrumb\",\"itemListElement\":[{\"@type\":\"ListItem\",\"position\":1,\"name\":\"Home\",\"item\":\"https:\/\/mycomauricie.com\/en\/\"},{\"@type\":\"ListItem\",\"position\":2,\"name\":\"La Fili\u00e8re\",\"item\":\"https:\/\/mycomauricie.com\/en\/la-filiere\/\"},{\"@type\":\"ListItem\",\"position\":3,\"name\":\"Roles and Mandates\"}]},{\"@type\":\"WebSite\",\"@id\":\"https:\/\/mycomauricie.com\/#website\",\"url\":\"https:\/\/mycomauricie.com\/\",\"name\":\"La Fili\u00e8re Mauricie\",\"description\":\"\",\"publisher\":{\"@id\":\"https:\/\/mycomauricie.com\/#organization\"},\"potentialAction\":[{\"@type\":\"SearchAction\",\"target\":{\"@type\":\"EntryPoint\",\"urlTemplate\":\"https:\/\/mycomauricie.com\/?s={search_term_string}\"},\"query-input\":{\"@type\":\"PropertyValueSpecification\",\"valueRequired\":true,\"valueName\":\"search_term_string\"}}],\"inLanguage\":\"en-US\"},{\"@type\":\"Organization\",\"@id\":\"https:\/\/mycomauricie.com\/#organization\",\"name\":\"La Fili\u00e8re Mauricie\",\"url\":\"https:\/\/mycomauricie.com\/\",\"logo\":{\"@type\":\"ImageObject\",\"inLanguage\":\"en-US\",\"@id\":\"https:\/\/mycomauricie.com\/#\/schema\/logo\/image\/\",\"url\":\"https:\/\/mycomauricie.com\/medias\/Logo-la-filiere-signature-2.png\",\"contentUrl\":\"https:\/\/mycomauricie.com\/medias\/Logo-la-filiere-signature-2.png\",\"width\":1005,\"height\":415,\"caption\":\"La Fili\u00e8re Mauricie\"},\"image\":{\"@id\":\"https:\/\/mycomauricie.com\/#\/schema\/logo\/image\/\"},\"sameAs\":[\"https:\/\/www.facebook.com\/champignonsforestiersmauricie\",\"https:\/\/www.instagram.com\/myco04mauricie\/\"]}]}<\/script>\n<!-- \/ Yoast SEO plugin. -->","yoast_head_json":{"title":"R\u00f4le & Mandats | Structurer & Promouvoir | La Fili\u00e8re Mauricie","description":"Apprenez-en plus sur le r\u00f4le et les mandats de La Fili\u00e8re Mauricie : structurer, promouvoir et accompagner la fili\u00e8re foresti\u00e8re comestible.","robots":{"index":"index","follow":"follow","max-snippet":"max-snippet:-1","max-image-preview":"max-image-preview:large","max-video-preview":"max-video-preview:-1"},"canonical":"https:\/\/mycomauricie.com\/en\/la-filiere\/roles-and-mandates\/","og_locale":"en_US","og_type":"article","og_title":"R\u00f4le & Mandats | Structurer & Promouvoir | La Fili\u00e8re Mauricie","og_description":"Apprenez-en plus sur le r\u00f4le et les mandats de La Fili\u00e8re Mauricie : structurer, promouvoir et accompagner la fili\u00e8re foresti\u00e8re comestible.","og_url":"https:\/\/mycomauricie.com\/en\/la-filiere\/roles-and-mandates\/","og_site_name":"La Fili\u00e8re Mauricie","article_publisher":"https:\/\/www.facebook.com\/champignonsforestiersmauricie","article_modified_time":"2025-09-13T22:21:33+00:00","twitter_card":"summary_large_image","twitter_misc":{"Est. reading time":"1 minute"},"schema":{"@context":"https:\/\/schema.org","@graph":[{"@type":"WebPage","@id":"https:\/\/mycomauricie.com\/en\/la-filiere\/roles-and-mandates\/","url":"https:\/\/mycomauricie.com\/en\/la-filiere\/roles-and-mandates\/","name":"R\u00f4le & Mandats | Structurer & Promouvoir | La Fili\u00e8re Mauricie","isPartOf":{"@id":"https:\/\/mycomauricie.com\/#website"},"datePublished":"2024-07-16T15:12:24+00:00","dateModified":"2025-09-13T22:21:33+00:00","description":"Apprenez-en plus sur le r\u00f4le et les mandats de La Fili\u00e8re Mauricie : structurer, promouvoir et accompagner la fili\u00e8re foresti\u00e8re comestible.","breadcrumb":{"@id":"https:\/\/mycomauricie.com\/en\/la-filiere\/roles-and-mandates\/#breadcrumb"},"inLanguage":"en-US","potentialAction":[{"@type":"ReadAction","target":["https:\/\/mycomauricie.com\/en\/la-filiere\/roles-and-mandates\/"]}]},{"@type":"BreadcrumbList","@id":"https:\/\/mycomauricie.com\/en\/la-filiere\/roles-and-mandates\/#breadcrumb","itemListElement":[{"@type":"ListItem","position":1,"name":"Home","item":"https:\/\/mycomauricie.com\/en\/"},{"@type":"ListItem","position":2,"name":"La Fili\u00e8re","item":"https:\/\/mycomauricie.com\/en\/la-filiere\/"},{"@type":"ListItem","position":3,"name":"Roles and Mandates"}]},{"@type":"WebSite","@id":"https:\/\/mycomauricie.com\/#website","url":"https:\/\/mycomauricie.com\/","name":"La Fili\u00e8re Mauricie","description":"","publisher":{"@id":"https:\/\/mycomauricie.com\/#organization"},"potentialAction":[{"@type":"SearchAction","target":{"@type":"EntryPoint","urlTemplate":"https:\/\/mycomauricie.com\/?s={search_term_string}"},"query-input":{"@type":"PropertyValueSpecification","valueRequired":true,"valueName":"search_term_string"}}],"inLanguage":"en-US"},{"@type":"Organization","@id":"https:\/\/mycomauricie.com\/#organization","name":"La Fili\u00e8re Mauricie","url":"https:\/\/mycomauricie.com\/","logo":{"@type":"ImageObject","inLanguage":"en-US","@id":"https:\/\/mycomauricie.com\/#\/schema\/logo\/image\/","url":"https:\/\/mycomauricie.com\/medias\/Logo-la-filiere-signature-2.png","contentUrl":"https:\/\/mycomauricie.com\/medias\/Logo-la-filiere-signature-2.png","width":1005,"height":415,"caption":"La Fili\u00e8re Mauricie"},"image":{"@id":"https:\/\/mycomauricie.com\/#\/schema\/logo\/image\/"},"sameAs":["https:\/\/www.facebook.com\/champignonsforestiersmauricie","https:\/\/www.instagram.com\/myco04mauricie\/"]}]}},"_links":{"self":[{"href":"https:\/\/mycomauricie.com\/en\/wp-json\/wp\/v2\/pages\/12426","targetHints":{"allow":["GET"]}}],"collection":[{"href":"https:\/\/mycomauricie.com\/en\/wp-json\/wp\/v2\/pages"}],"about":[{"href":"https:\/\/mycomauricie.com\/en\/wp-json\/wp\/v2\/types\/page"}],"author":[{"embeddable":true,"href":"https:\/\/mycomauricie.com\/en\/wp-json\/wp\/v2\/users\/2"}],"replies":[{"embeddable":true,"href":"https:\/\/mycomauricie.com\/en\/wp-json\/wp\/v2\/comments?post=12426"}],"version-history":[{"count":3,"href":"https:\/\/mycomauricie.com\/en\/wp-json\/wp\/v2\/pages\/12426\/revisions"}],"predecessor-version":[{"id":13454,"href":"https:\/\/mycomauricie.com\/en\/wp-json\/wp\/v2\/pages\/12426\/revisions\/13454"}],"up":[{"embeddable":true,"href":"https:\/\/mycomauricie.com\/en\/wp-json\/wp\/v2\/pages\/12405"}],"wp:attachment":[{"href":"https:\/\/mycomauricie.com\/en\/wp-json\/wp\/v2\/media?parent=12426"}],"curies":[{"name":"wp","href":"https:\/\/api.w.org\/{rel}","templated":true}]}}