{"id":12412,"date":"2024-07-16T11:13:15","date_gmt":"2024-07-16T15:13:15","guid":{"rendered":"https:\/\/mycomauricie.com\/la-filiere\/questions-frequentes\/"},"modified":"2025-09-13T18:21:02","modified_gmt":"2025-09-13T22:21:02","slug":"frequently-asked-questions","status":"publish","type":"page","link":"https:\/\/mycomauricie.com\/en\/la-filiere\/frequently-asked-questions\/","title":{"rendered":"Frequently Asked Questions"},"content":{"rendered":"<div class=\"wp-block-group groupe-beige\"><div class=\"wp-block-group__inner-container is-layout-constrained wp-block-group-is-layout-constrained\"><div class=\"wp-block-columns is-layout-flex wp-container-core-columns-is-layout-9d6595d7 wp-block-columns-is-layout-flex\"><div class=\"wp-block-column is-layout-flow wp-block-column-is-layout-flow\"><h3 class=\"wp-block-heading\"><strong>Purchase in Our Shop and Delivery Times<\/strong><\/h3><\/div>\n\n<div class=\"wp-block-column is-layout-flow wp-block-column-is-layout-flow\"><div class=\"fmm-accordion\">\r\n    \r\n    \r\n    <div class=\"fmm-accordion-contenu\">\r\n        <h3>Can I visit your office to purchase books?<\/h3>\r\n        <div>\r\n            <p class=\"p1\">Yes, our office is located at 2410, rue de l\u2019Industrie, Trois-Rivi\u00e8res, Qu\u00e9bec, G8Z 4R5.<\/p>\n<p class=\"p1\">Our business hours are Monday to Friday, except on statutory holidays:<\/p>\n<ul>\n<li class=\"p1\">8:30 a.m. to 12:00 p.m.<\/li>\n<li class=\"p1\">1:00 p.m. to 4:30 p.m.<\/li>\n<\/ul>\n<p class=\"p1\">If you prefer, you can call us before your visit at 819-370-8368.<\/p>\n<p class=\"p1\"><em><strong>Please note: We do not accept credit or debit card payments.<\/strong><\/em><\/p>\n        <\/div>\r\n    <\/div>\r\n    \r\n    \r\n    <div class=\"fmm-accordion-contenu\">\r\n        <h3>What is the delivery time once I\u2019ve placed my order?<\/h3>\r\n        <div>\r\n            <p class=\"p1\">Book purchases are usually mailed on the next business day. They are sent by priority mail, which typically takes 2 to 3 days for delivery depending on your region within Qu\u00e9bec.<\/p>\n<p class=\"p1\">For other provinces and international destinations, delivery times may be slightly longer.<\/p>\n        <\/div>\r\n    <\/div>\r\n    \r\n    \r\n\r\n\r\n<\/div><\/div><\/div>\n\n<div class=\"wp-block-columns is-layout-flex wp-container-core-columns-is-layout-9d6595d7 wp-block-columns-is-layout-flex\"><div class=\"wp-block-column is-layout-flow wp-block-column-is-layout-flow\"><h3 class=\"wp-block-heading\"><strong>Mushroom Foraging<\/strong><\/h3><\/div>\n\n<div class=\"wp-block-column is-layout-flow wp-block-column-is-layout-flow\"><div class=\"fmm-accordion\">\r\n    \r\n    \r\n    <div class=\"fmm-accordion-contenu\">\r\n        <h3>Need help with identification?<\/h3>\r\n        <div>\r\n            <p class=\"p1\">We recommend visiting the \u201c<a href=\"https:\/\/mycomauricie.com\/cueillette-sauvage-et-culture\/champignons-forestiers-informations\/\">Mushrooms\u2026 Identification \u2013 Emerging \u2013 Food Safety<\/a>\u201d section for more information.<\/p>\n        <\/div>\r\n    <\/div>\r\n    \r\n    \r\n    <div class=\"fmm-accordion-contenu\">\r\n        <h3>I picked some mushrooms \u2013 who can I sell them to?<\/h3>\r\n        <div>\r\n            <p class=\"p1\">Here are the important points to consider:<\/p>\n<ul>\n<li class=\"p3\">If you are an amateur forager (not recognized as a professional forager), <strong>you should keep your harvests for personal consumption only<\/strong>, for food safety reasons.<\/li>\n<li class=\"p3\">If you would like to be recognized as a professional forager, please contact us or visit the \u201cBuilding Your Business\u201d section.<\/li>\n<\/ul>\n        <\/div>\r\n    <\/div>\r\n    \r\n    \r\n\r\n\r\n<\/div><\/div><\/div>\n\n<div class=\"wp-block-columns is-layout-flex wp-container-core-columns-is-layout-9d6595d7 wp-block-columns-is-layout-flex\"><div class=\"wp-block-column is-layout-flow wp-block-column-is-layout-flow\"><h3 class=\"wp-block-heading\"><br><strong>Home Mushroom Cultivation<\/strong><\/h3><\/div>\n\n<div class=\"wp-block-column is-layout-flow wp-block-column-is-layout-flow\"><div class=\"fmm-accordion\">\r\n    \r\n    \r\n    <div class=\"fmm-accordion-contenu\">\r\n        <h3>I\u2019d like to start cultivating forest mushrooms at home. Who should I contact?<\/h3>\r\n        <div>\r\n            <p class=\"p1\">We invite you to visit the Cultivated Mushrooms section. At the bottom of the page, you\u2019ll find resources for mushroom cultivation.<\/p>\n        <\/div>\r\n    <\/div>\r\n    \r\n    \r\n\r\n\r\n<\/div><\/div><\/div>\n\n<div class=\"wp-block-columns is-layout-flex wp-container-core-columns-is-layout-9d6595d7 wp-block-columns-is-layout-flex\"><div class=\"wp-block-column is-layout-flow wp-block-column-is-layout-flow\"><h3 class=\"wp-block-heading\"><strong>Forager Training<\/strong><\/h3><\/div>\n\n<div class=\"wp-block-column is-layout-flow wp-block-column-is-layout-flow\"><div class=\"fmm-accordion\">\r\n    \r\n    \r\n    <div class=\"fmm-accordion-contenu\">\r\n        <h3>When is the next professional forager training?<\/h3>\r\n        <div>\r\n            <p class=\"p1\">The training sessions are now organized in collaboration with our partner, Coll\u00e8ge Lafl\u00e8che. We invite you to visit the Forager Training section.<\/p>\n        <\/div>\r\n    <\/div>\r\n    \r\n    \r\n\r\n\r\n<\/div><\/div><\/div>\n\n<div class=\"wp-block-columns is-layout-flex wp-container-core-columns-is-layout-9d6595d7 wp-block-columns-is-layout-flex\"><div class=\"wp-block-column is-layout-flow wp-block-column-is-layout-flow\"><h3 class=\"wp-block-heading\"><strong>Activities of the Year<\/strong><\/h3><\/div>\n\n<div class=\"wp-block-column is-layout-flow wp-block-column-is-layout-flow\"><div class=\"fmm-accordion\">\r\n    \r\n    \r\n    <div class=\"fmm-accordion-contenu\">\r\n        <h3>When do you post the annual activity schedule?<\/h3>\r\n        <div>\r\n            <p class=\"p1\">The activity and training schedule is usually posted on the site in late April to early May, in the \u201cMycotourism and co.\u201d section.<\/p>\n        <\/div>\r\n    <\/div>\r\n    \r\n    \r\n\r\n\r\n<\/div><\/div><\/div><\/div><\/div><div class=\"fmm-punch credit-photo-anim \" style=\"background-image: url(https:\/\/mycomauricie.com\/medias\/Mycotourisme-initiation-cueillette-groupe-marche-panier-sentier-aspect-ratio-1598-1060.jpg);\">\r\n    <div class=\"div-inner\">\r\n\r\n        <div class=\"fmm-cta-contenu\">\r\n            <div class=\"fmm-cta-l1\" data-aos=\"fade-right\" data-aos-duration=\"500\" data-aos-delay=\"0\">Introductory Activities<\/div>            <div class=\"fmm-cta-l3\" data-aos=\"fade-right\" data-aos-duration=\"500\" data-aos-delay=\"200\">A Feast for the Eyes!<\/div>                        \r\n                        <a href=\"https:\/\/mycomauricie.com\/mycotourisme-et-cie\/calendrier-excursions-activites\/\" target=\"\" class=\"btn-stylise\" data-aos=\"fade-right\" data-aos-duration=\"500\">DISCOVER<\/a>\r\n                    <\/div>\r\n\r\n    <\/div>\r\n    \r\n    <span class=\"credit-photo\">\u00a9 Marilyn Berthiaume<\/span>\r\n<\/div>","protected":false},"excerpt":{"rendered":"<p>Purchase in Our Shop and Delivery Times Mushroom Foraging Home Mushroom Cultivation Forager Training Activities of the Year<\/p>\n","protected":false},"author":2,"featured_media":0,"parent":12405,"menu_order":54,"comment_status":"closed","ping_status":"closed","template":"","meta":{"_acf_changed":false,"footnotes":""},"class_list":["post-12412","page","type-page","status-publish","hentry"],"acf":[],"yoast_head":"<!-- This site is optimized with the Yoast SEO plugin v25.7 - https:\/\/yoast.com\/wordpress\/plugins\/seo\/ -->\n<title>FAQ | Questions fr\u00e9quentes Mycotourisme | La Fili\u00e8re Mauricie<\/title>\n<meta name=\"description\" content=\"Retrouvez les r\u00e9ponses aux questions fr\u00e9quentes sur La Fili\u00e8re, ses actions et le mycotourisme en Mauricie. On \u00e9claire votre curiosit\u00e9 ! En savoir plus!\" \/>\n<meta name=\"robots\" content=\"index, follow, max-snippet:-1, max-image-preview:large, max-video-preview:-1\" \/>\n<link rel=\"canonical\" href=\"https:\/\/mycomauricie.com\/en\/la-filiere\/frequently-asked-questions\/\" \/>\n<meta property=\"og:locale\" content=\"en_US\" \/>\n<meta property=\"og:type\" content=\"article\" \/>\n<meta property=\"og:title\" content=\"FAQ | Questions fr\u00e9quentes Mycotourisme | La Fili\u00e8re Mauricie\" \/>\n<meta property=\"og:description\" content=\"Retrouvez les r\u00e9ponses aux questions fr\u00e9quentes sur La Fili\u00e8re, ses actions et le mycotourisme en Mauricie. On \u00e9claire votre curiosit\u00e9 ! En savoir plus!\" \/>\n<meta property=\"og:url\" content=\"https:\/\/mycomauricie.com\/en\/la-filiere\/frequently-asked-questions\/\" \/>\n<meta property=\"og:site_name\" content=\"La Fili\u00e8re Mauricie\" \/>\n<meta property=\"article:publisher\" content=\"https:\/\/www.facebook.com\/champignonsforestiersmauricie\" \/>\n<meta property=\"article:modified_time\" content=\"2025-09-13T22:21:02+00:00\" \/>\n<meta name=\"twitter:card\" content=\"summary_large_image\" \/>\n<meta name=\"twitter:label1\" content=\"Est. reading time\" \/>\n\t<meta name=\"twitter:data1\" content=\"1 minute\" \/>\n<script type=\"application\/ld+json\" class=\"yoast-schema-graph\">{\"@context\":\"https:\/\/schema.org\",\"@graph\":[{\"@type\":\"WebPage\",\"@id\":\"https:\/\/mycomauricie.com\/en\/la-filiere\/frequently-asked-questions\/\",\"url\":\"https:\/\/mycomauricie.com\/en\/la-filiere\/frequently-asked-questions\/\",\"name\":\"FAQ | Questions fr\u00e9quentes Mycotourisme | La Fili\u00e8re Mauricie\",\"isPartOf\":{\"@id\":\"https:\/\/mycomauricie.com\/#website\"},\"datePublished\":\"2024-07-16T15:13:15+00:00\",\"dateModified\":\"2025-09-13T22:21:02+00:00\",\"description\":\"Retrouvez les r\u00e9ponses aux questions fr\u00e9quentes sur La Fili\u00e8re, ses actions et le mycotourisme en Mauricie. On \u00e9claire votre curiosit\u00e9 ! En savoir plus!\",\"breadcrumb\":{\"@id\":\"https:\/\/mycomauricie.com\/en\/la-filiere\/frequently-asked-questions\/#breadcrumb\"},\"inLanguage\":\"en-US\",\"potentialAction\":[{\"@type\":\"ReadAction\",\"target\":[\"https:\/\/mycomauricie.com\/en\/la-filiere\/frequently-asked-questions\/\"]}]},{\"@type\":\"BreadcrumbList\",\"@id\":\"https:\/\/mycomauricie.com\/en\/la-filiere\/frequently-asked-questions\/#breadcrumb\",\"itemListElement\":[{\"@type\":\"ListItem\",\"position\":1,\"name\":\"Home\",\"item\":\"https:\/\/mycomauricie.com\/en\/\"},{\"@type\":\"ListItem\",\"position\":2,\"name\":\"La Fili\u00e8re\",\"item\":\"https:\/\/mycomauricie.com\/en\/la-filiere\/\"},{\"@type\":\"ListItem\",\"position\":3,\"name\":\"Frequently Asked Questions\"}]},{\"@type\":\"WebSite\",\"@id\":\"https:\/\/mycomauricie.com\/#website\",\"url\":\"https:\/\/mycomauricie.com\/\",\"name\":\"La Fili\u00e8re Mauricie\",\"description\":\"\",\"publisher\":{\"@id\":\"https:\/\/mycomauricie.com\/#organization\"},\"potentialAction\":[{\"@type\":\"SearchAction\",\"target\":{\"@type\":\"EntryPoint\",\"urlTemplate\":\"https:\/\/mycomauricie.com\/?s={search_term_string}\"},\"query-input\":{\"@type\":\"PropertyValueSpecification\",\"valueRequired\":true,\"valueName\":\"search_term_string\"}}],\"inLanguage\":\"en-US\"},{\"@type\":\"Organization\",\"@id\":\"https:\/\/mycomauricie.com\/#organization\",\"name\":\"La Fili\u00e8re Mauricie\",\"url\":\"https:\/\/mycomauricie.com\/\",\"logo\":{\"@type\":\"ImageObject\",\"inLanguage\":\"en-US\",\"@id\":\"https:\/\/mycomauricie.com\/#\/schema\/logo\/image\/\",\"url\":\"https:\/\/mycomauricie.com\/medias\/Logo-la-filiere-signature-2.png\",\"contentUrl\":\"https:\/\/mycomauricie.com\/medias\/Logo-la-filiere-signature-2.png\",\"width\":1005,\"height\":415,\"caption\":\"La Fili\u00e8re Mauricie\"},\"image\":{\"@id\":\"https:\/\/mycomauricie.com\/#\/schema\/logo\/image\/\"},\"sameAs\":[\"https:\/\/www.facebook.com\/champignonsforestiersmauricie\",\"https:\/\/www.instagram.com\/myco04mauricie\/\"]}]}<\/script>\n<!-- \/ Yoast SEO plugin. -->","yoast_head_json":{"title":"FAQ | Questions fr\u00e9quentes Mycotourisme | La Fili\u00e8re Mauricie","description":"Retrouvez les r\u00e9ponses aux questions fr\u00e9quentes sur La Fili\u00e8re, ses actions et le mycotourisme en Mauricie. On \u00e9claire votre curiosit\u00e9 ! En savoir plus!","robots":{"index":"index","follow":"follow","max-snippet":"max-snippet:-1","max-image-preview":"max-image-preview:large","max-video-preview":"max-video-preview:-1"},"canonical":"https:\/\/mycomauricie.com\/en\/la-filiere\/frequently-asked-questions\/","og_locale":"en_US","og_type":"article","og_title":"FAQ | Questions fr\u00e9quentes Mycotourisme | La Fili\u00e8re Mauricie","og_description":"Retrouvez les r\u00e9ponses aux questions fr\u00e9quentes sur La Fili\u00e8re, ses actions et le mycotourisme en Mauricie. On \u00e9claire votre curiosit\u00e9 ! En savoir plus!","og_url":"https:\/\/mycomauricie.com\/en\/la-filiere\/frequently-asked-questions\/","og_site_name":"La Fili\u00e8re Mauricie","article_publisher":"https:\/\/www.facebook.com\/champignonsforestiersmauricie","article_modified_time":"2025-09-13T22:21:02+00:00","twitter_card":"summary_large_image","twitter_misc":{"Est. reading time":"1 minute"},"schema":{"@context":"https:\/\/schema.org","@graph":[{"@type":"WebPage","@id":"https:\/\/mycomauricie.com\/en\/la-filiere\/frequently-asked-questions\/","url":"https:\/\/mycomauricie.com\/en\/la-filiere\/frequently-asked-questions\/","name":"FAQ | Questions fr\u00e9quentes Mycotourisme | La Fili\u00e8re Mauricie","isPartOf":{"@id":"https:\/\/mycomauricie.com\/#website"},"datePublished":"2024-07-16T15:13:15+00:00","dateModified":"2025-09-13T22:21:02+00:00","description":"Retrouvez les r\u00e9ponses aux questions fr\u00e9quentes sur La Fili\u00e8re, ses actions et le mycotourisme en Mauricie. On \u00e9claire votre curiosit\u00e9 ! En savoir plus!","breadcrumb":{"@id":"https:\/\/mycomauricie.com\/en\/la-filiere\/frequently-asked-questions\/#breadcrumb"},"inLanguage":"en-US","potentialAction":[{"@type":"ReadAction","target":["https:\/\/mycomauricie.com\/en\/la-filiere\/frequently-asked-questions\/"]}]},{"@type":"BreadcrumbList","@id":"https:\/\/mycomauricie.com\/en\/la-filiere\/frequently-asked-questions\/#breadcrumb","itemListElement":[{"@type":"ListItem","position":1,"name":"Home","item":"https:\/\/mycomauricie.com\/en\/"},{"@type":"ListItem","position":2,"name":"La Fili\u00e8re","item":"https:\/\/mycomauricie.com\/en\/la-filiere\/"},{"@type":"ListItem","position":3,"name":"Frequently Asked Questions"}]},{"@type":"WebSite","@id":"https:\/\/mycomauricie.com\/#website","url":"https:\/\/mycomauricie.com\/","name":"La Fili\u00e8re Mauricie","description":"","publisher":{"@id":"https:\/\/mycomauricie.com\/#organization"},"potentialAction":[{"@type":"SearchAction","target":{"@type":"EntryPoint","urlTemplate":"https:\/\/mycomauricie.com\/?s={search_term_string}"},"query-input":{"@type":"PropertyValueSpecification","valueRequired":true,"valueName":"search_term_string"}}],"inLanguage":"en-US"},{"@type":"Organization","@id":"https:\/\/mycomauricie.com\/#organization","name":"La Fili\u00e8re Mauricie","url":"https:\/\/mycomauricie.com\/","logo":{"@type":"ImageObject","inLanguage":"en-US","@id":"https:\/\/mycomauricie.com\/#\/schema\/logo\/image\/","url":"https:\/\/mycomauricie.com\/medias\/Logo-la-filiere-signature-2.png","contentUrl":"https:\/\/mycomauricie.com\/medias\/Logo-la-filiere-signature-2.png","width":1005,"height":415,"caption":"La Fili\u00e8re Mauricie"},"image":{"@id":"https:\/\/mycomauricie.com\/#\/schema\/logo\/image\/"},"sameAs":["https:\/\/www.facebook.com\/champignonsforestiersmauricie","https:\/\/www.instagram.com\/myco04mauricie\/"]}]}},"_links":{"self":[{"href":"https:\/\/mycomauricie.com\/en\/wp-json\/wp\/v2\/pages\/12412","targetHints":{"allow":["GET"]}}],"collection":[{"href":"https:\/\/mycomauricie.com\/en\/wp-json\/wp\/v2\/pages"}],"about":[{"href":"https:\/\/mycomauricie.com\/en\/wp-json\/wp\/v2\/types\/page"}],"author":[{"embeddable":true,"href":"https:\/\/mycomauricie.com\/en\/wp-json\/wp\/v2\/users\/2"}],"replies":[{"embeddable":true,"href":"https:\/\/mycomauricie.com\/en\/wp-json\/wp\/v2\/comments?post=12412"}],"version-history":[{"count":3,"href":"https:\/\/mycomauricie.com\/en\/wp-json\/wp\/v2\/pages\/12412\/revisions"}],"predecessor-version":[{"id":13451,"href":"https:\/\/mycomauricie.com\/en\/wp-json\/wp\/v2\/pages\/12412\/revisions\/13451"}],"up":[{"embeddable":true,"href":"https:\/\/mycomauricie.com\/en\/wp-json\/wp\/v2\/pages\/12405"}],"wp:attachment":[{"href":"https:\/\/mycomauricie.com\/en\/wp-json\/wp\/v2\/media?parent=12412"}],"curies":[{"name":"wp","href":"https:\/\/api.w.org\/{rel}","templated":true}]}}