{"id":12389,"date":"2024-07-26T08:40:04","date_gmt":"2024-07-26T12:40:04","guid":{"rendered":"https:\/\/mycomauricie.com\/les-professions\/"},"modified":"2025-09-13T18:20:45","modified_gmt":"2025-09-13T22:20:45","slug":"the-professions","status":"publish","type":"page","link":"https:\/\/mycomauricie.com\/en\/club-myco-04\/building-your-business\/the-professions\/","title":{"rendered":"The Professions"},"content":{"rendered":"<div class=\"wp-block-group groupe-bleu groupe-entete\"><div class=\"wp-block-group__inner-container is-layout-constrained wp-block-group-is-layout-constrained\"><p><strong>Explore the hidden riches of Mauricie\u2019s forests by discovering the fascinating professions of a rapidly growing sector!<\/strong><\/p>\n\n<div class=\"wp-block-columns is-layout-flex wp-container-core-columns-is-layout-9d6595d7 wp-block-columns-is-layout-flex\"><div class=\"wp-block-column is-layout-flow wp-block-column-is-layout-flow\"><figure class=\"wp-block-image size-full has-custom-border\"><img loading=\"lazy\" decoding=\"async\" width=\"1080\" height=\"720\" src=\"https:\/\/mycomauricie.com\/medias\/Mycotourisme-initiation-cueillette-groupe-guide-foret.jpg\" alt=\"\" class=\"wp-image-2098\" style=\"border-radius:15px;aspect-ratio:1;object-fit:cover\" srcset=\"https:\/\/mycomauricie.com\/medias\/Mycotourisme-initiation-cueillette-groupe-guide-foret.jpg 1080w, https:\/\/mycomauricie.com\/medias\/Mycotourisme-initiation-cueillette-groupe-guide-foret-300x200.jpg 300w, https:\/\/mycomauricie.com\/medias\/Mycotourisme-initiation-cueillette-groupe-guide-foret-600x400.jpg 600w, https:\/\/mycomauricie.com\/medias\/Mycotourisme-initiation-cueillette-groupe-guide-foret-768x512.jpg 768w\" sizes=\"auto, (max-width: 1080px) 100vw, 1080px\" \/><figcaption class=\"wp-element-caption\">\u00a9 Marilyn Berthiaume<\/figcaption><\/figure>\n\n<h2 class=\"wp-block-heading\"><mark style=\"background-color:rgba(0, 0, 0, 0);color:#f58821\" class=\"has-inline-color\"><strong>MYCOLOGICAL GUIDE<\/strong><\/mark><\/h2>\n\n<p>Mycological guides are mushroom and forest environment experts. These professionals have a deep knowledge of the different mushroom species, their habitats, and their ecology. Their main role is to lead educational forest excursions, helping participants safely and responsibly identify and harvest mushrooms. Mycological guides teach participants to distinguish edible mushrooms from toxic species, understand their life cycle, and follow sustainable foraging practices to preserve forest ecosystems.<\/p>\n\n<p>To be recognized in Mauricie, mycological guides must have the following skills, training, and credentials:<\/p>\n\n<div class=\"fmm-accordion\">\r\n    \r\n    \r\n    <div class=\"fmm-accordion-contenu\">\r\n        <h3>Required qualifications:<\/h3>\r\n        <div>\r\n            <ul>\n<li class=\"p1\">Hold a certificate of completion for the professional forager training. If this certificate is not held, an individual can have their skills recognized by our mycological expert upon passing an exam;<\/li>\n<li class=\"p1\">Hold a certificate of completion for the Canadian Outdoor Council\u2019s Field Leader training;<\/li>\n<li class=\"p1\">Hold a respective certificate of completion for Mycotourism training and legislation training under the Quality, Sanitation, Safety, and Traceability (QSST) system;<\/li>\n<li class=\"p1\">Hold a valid first aid certification (renewed every three years);<\/li>\n<li class=\"p1\">Adhere to La Fili\u00e8re\u2019s professional code of ethics;<\/li>\n<li class=\"p1\">Have a Qu\u00e9bec Enterprise Number (NEQ) registered with the Qu\u00e9bec Enterprise Registrar;<\/li>\n<li class=\"p1\">Hold liability insurance coverage of $2 million or more;<\/li>\n<li class=\"p1\">Complete the Quality-Safety accreditation process of Aventure \u00c9cotourisme Qu\u00e9bec (AEQ);\n<ul>\n<li class=\"p1\">Have a risk management and emergency response plan;<\/li>\n<li class=\"p1\">Have a sustainable development action plan.<\/li>\n<\/ul>\n<\/li>\n<\/ul>\n        <\/div>\r\n    <\/div>\r\n    \r\n    \r\n    <div class=\"fmm-accordion-contenu\">\r\n        <h3>Required skills:<\/h3>\r\n        <div>\r\n            <ul>\n<li class=\"p1\">Teaching and communication skills;<\/li>\n<li class=\"p1\">Group management and safety skills in natural settings.<\/li>\n<\/ul>\n        <\/div>\r\n    <\/div>\r\n    \r\n    \r\n\r\n\r\n<\/div>\n\n<div class=\"fmm-accordion\">\r\n    \r\n    \r\n\r\n\r\n<\/div><\/div>\n\n<div class=\"wp-block-column is-layout-flow wp-block-column-is-layout-flow\"><figure class=\"wp-block-image size-full has-custom-border\"><img loading=\"lazy\" decoding=\"async\" width=\"1296\" height=\"864\" src=\"https:\/\/mycomauricie.com\/medias\/SiLVA-talbee-gourmande-foret-fredelys-recolte-myrique.jpg\" alt=\"\" class=\"wp-image-2063\" style=\"border-radius:15px;aspect-ratio:1;object-fit:cover\" srcset=\"https:\/\/mycomauricie.com\/medias\/SiLVA-talbee-gourmande-foret-fredelys-recolte-myrique.jpg 1296w, https:\/\/mycomauricie.com\/medias\/SiLVA-talbee-gourmande-foret-fredelys-recolte-myrique-300x200.jpg 300w, https:\/\/mycomauricie.com\/medias\/SiLVA-talbee-gourmande-foret-fredelys-recolte-myrique-600x400.jpg 600w, https:\/\/mycomauricie.com\/medias\/SiLVA-talbee-gourmande-foret-fredelys-recolte-myrique-768x512.jpg 768w\" sizes=\"auto, (max-width: 1296px) 100vw, 1296px\" \/><figcaption class=\"wp-element-caption\">\u00a9 Tourisme Mauricie<\/figcaption><\/figure>\n\n<h2 class=\"wp-block-heading\"><mark style=\"background-color:rgba(0, 0, 0, 0);color:#f58821\" class=\"has-inline-color\"><strong>PROFESSIONAL FORAGER<\/strong><\/mark><\/h2>\n\n<p>Foragers specialize in harvesting forest edibles such as mushrooms, northern berries, forest vegetables, wild teas, and forest spices. These professionals often work in collaboration with local businesses, restaurateurs, and public markets to provide high-quality forest products. Their work involves identifying edible plants and mushrooms, harvesting according to the seasons and optimal conditions, and respecting sustainable foraging practices to ensure the long-term viability of the resources they gather.<\/p>\n\n<p>To be recognized in Mauricie, foragers must have the following skills, training, and credentials:<\/p>\n\n<div class=\"fmm-accordion\">\r\n    \r\n    \r\n    <div class=\"fmm-accordion-contenu\">\r\n        <h3>Required qualifications:<\/h3>\r\n        <div>\r\n            <ul>\n<li class=\"p1\">Hold a certificate of completion for the professional forager training. If this certificate is not held, an individual can have their skills recognized by our mycological expert upon passing an exam;<\/li>\n<li class=\"p1\">Hold a certificate of completion for the legislation training under the Quality, Safety, Sanitation, and Traceability (QSST) system;<\/li>\n<li class=\"p1\">Adhere to La Fili\u00e8re\u2019s professional code of ethics;<\/li>\n<li class=\"p1\">Have a Qu\u00e9bec Enterprise Number (NEQ) registered with the Qu\u00e9bec Enterprise Registrar;<\/li>\n<li class=\"p1\">Hold liability insurance coverage of $2 million or more;<\/li>\n<\/ul>\n        <\/div>\r\n    <\/div>\r\n    \r\n    \r\n    <div class=\"fmm-accordion-contenu\">\r\n        <h3>Required skills:<\/h3>\r\n        <div>\r\n            <ul>\n<li class=\"p1\">Strong observation skills and deep knowledge in identifying edible plants and mushrooms;<\/li>\n<li class=\"p1\">Excellent physical fitness for outdoor work;<\/li>\n<li class=\"p1\">Good knowledge of sustainable harvesting techniques;<\/li>\n<li class=\"p1\">Solid business sense and skills in managing an enterprise;<\/li>\n<li class=\"p1\">Advanced knowledge for navigating alone in the forest.<b><\/b><\/li>\n<\/ul>\n        <\/div>\r\n    <\/div>\r\n    \r\n    \r\n    <div class=\"fmm-accordion-contenu\">\r\n        <h3>Additional assets:<\/h3>\r\n        <div>\r\n            <ul>\n<li>\n<p class=\"p1\">Training as a food establishment manager from the Qu\u00e9bec Ministry of Agriculture, Fisheries and Food (MAPAQ).<\/p>\n<\/li>\n<\/ul>\n        <\/div>\r\n    <\/div>\r\n    \r\n    \r\n    <div class=\"fmm-accordion-contenu\">\r\n        <h3>Forager\u2019s Responsibilities<\/h3>\r\n        <div>\r\n            <ol>\n<li>Legal and regulatory compliance:\n<ul>\n<li>Comply with all food safety, traceability, and product safety laws and regulations;<\/li>\n<li>Comply with all laws and regulations governing harvesting, forest operations, and health and safety in forest environments;<\/li>\n<\/ul>\n<\/li>\n<li>Delivery of forest mushrooms:\n<ul>\n<li>Deliver fresh mushrooms directly to the processing facility (the establishment that processes them) ideally within 12 hours of harvest;<\/li>\n<\/ul>\n<\/li>\n<li class=\"p1\">Product refrigeration:\n<ul>\n<li class=\"p2\">If the harvest needs to be stored for more than 12 hours before delivery, have dedicated refrigeration capacity;<\/li>\n<li class=\"p2\">Maintain the cold chain and product quality (see the section: Food Safety is Non-Negotiable);<\/li>\n<\/ul>\n<\/li>\n<li class=\"p1\">Processing and transformation:\n<ul>\n<li class=\"p2\">Successfully complete the training as a food establishment manager from the Qu\u00e9bec Ministry of Agriculture, Fisheries and Food (MAPAQ).<\/li>\n<\/ul>\n<\/li>\n<\/ol>\n        <\/div>\r\n    <\/div>\r\n    \r\n    \r\n\r\n\r\n<\/div><\/div><\/div>\n\n<div class=\"wp-block-columns is-layout-flex wp-container-core-columns-is-layout-9d6595d7 wp-block-columns-is-layout-flex\"><div class=\"wp-block-column is-layout-flow wp-block-column-is-layout-flow\"><\/div>\n\n<div class=\"wp-block-column is-layout-flow wp-block-column-is-layout-flow\"><\/div><\/div><\/div><\/div><div class=\"fmm-punch credit-photo-anim \" style=\"background-image: url(https:\/\/mycomauricie.com\/medias\/Plein-air-coupe-tient-la-main-scaled-aspect-ratio-2-1-scaled.jpg);\">\r\n    <div class=\"div-inner\">\r\n\r\n        <div class=\"fmm-cta-contenu\">\r\n            <div class=\"fmm-cta-l1\" data-aos=\"fade-right\" data-aos-duration=\"500\" data-aos-delay=\"0\">A WELL-ORGANIZED<\/div>            <div class=\"fmm-cta-l3\" data-aos=\"fade-right\" data-aos-duration=\"500\" data-aos-delay=\"200\"> FILI\u00c8RE!<\/div>                        \r\n                        <a href=\"https:\/\/mycomauricie.com\/en\/la-filiere\/\" target=\"\" class=\"btn-stylise\" data-aos=\"fade-right\" data-aos-duration=\"500\">IN ACTION SINCE 2012<\/a>\r\n                    <\/div>\r\n\r\n    <\/div>\r\n    \r\n    <span class=\"credit-photo\">\u00a9 designed by Freepik<\/span>\r\n<\/div>","protected":false},"excerpt":{"rendered":"<p>Explore the hidden riches of Mauricie\u2019s forests by discovering the fascinating professions of a rapidly growing sector! MYCOLOGICAL GUIDE Mycological guides are mushroom and forest environment experts. These professionals have a deep knowledge of the different mushroom species, their habitats, and their ecology. Their main role is to lead educational forest excursions, helping participants safely [&hellip;]<\/p>\n","protected":false},"author":4,"featured_media":0,"parent":12390,"menu_order":80,"comment_status":"closed","ping_status":"closed","template":"","meta":{"_acf_changed":false,"footnotes":""},"class_list":["post-12389","page","type-page","status-publish","hentry"],"acf":[],"yoast_head":"<!-- This site is optimized with the Yoast SEO plugin v25.7 - https:\/\/yoast.com\/wordpress\/plugins\/seo\/ -->\n<title>Professions Li\u00e9es \u00e0 la Cueillette et la For\u00eat | La Fili\u00e8re Mauricie<\/title>\n<meta name=\"description\" content=\"Apprenez-en plus sur les professions qui \u00e9mergent autour des produits forestiers comestibles : cueilleurs, transformateurs, chefs, etc. D\u00e9couvrir !\" \/>\n<meta name=\"robots\" content=\"index, follow, max-snippet:-1, max-image-preview:large, max-video-preview:-1\" \/>\n<link rel=\"canonical\" href=\"https:\/\/mycomauricie.com\/en\/club-myco-04\/building-your-business\/the-professions\/\" \/>\n<meta property=\"og:locale\" content=\"en_US\" \/>\n<meta property=\"og:type\" content=\"article\" \/>\n<meta property=\"og:title\" content=\"Professions Li\u00e9es \u00e0 la Cueillette et la For\u00eat | La Fili\u00e8re Mauricie\" \/>\n<meta property=\"og:description\" content=\"Apprenez-en plus sur les professions qui \u00e9mergent autour des produits forestiers comestibles : cueilleurs, transformateurs, chefs, etc. D\u00e9couvrir !\" \/>\n<meta property=\"og:url\" content=\"https:\/\/mycomauricie.com\/en\/club-myco-04\/building-your-business\/the-professions\/\" \/>\n<meta property=\"og:site_name\" content=\"La Fili\u00e8re Mauricie\" \/>\n<meta property=\"article:publisher\" content=\"https:\/\/www.facebook.com\/champignonsforestiersmauricie\" \/>\n<meta property=\"article:modified_time\" content=\"2025-09-13T22:20:45+00:00\" \/>\n<meta property=\"og:image\" content=\"https:\/\/mycomauricie.com\/medias\/Mycotourisme-initiation-cueillette-groupe-guide-foret.jpg\" \/>\n\t<meta property=\"og:image:width\" content=\"1080\" \/>\n\t<meta property=\"og:image:height\" content=\"720\" \/>\n\t<meta property=\"og:image:type\" content=\"image\/jpeg\" \/>\n<meta name=\"twitter:card\" content=\"summary_large_image\" \/>\n<meta name=\"twitter:label1\" content=\"Est. reading time\" \/>\n\t<meta name=\"twitter:data1\" content=\"2 minutes\" \/>\n<script type=\"application\/ld+json\" class=\"yoast-schema-graph\">{\"@context\":\"https:\/\/schema.org\",\"@graph\":[{\"@type\":\"WebPage\",\"@id\":\"https:\/\/mycomauricie.com\/en\/club-myco-04\/building-your-business\/the-professions\/\",\"url\":\"https:\/\/mycomauricie.com\/en\/club-myco-04\/building-your-business\/the-professions\/\",\"name\":\"Professions Li\u00e9es \u00e0 la Cueillette et la For\u00eat | La Fili\u00e8re Mauricie\",\"isPartOf\":{\"@id\":\"https:\/\/mycomauricie.com\/#website\"},\"primaryImageOfPage\":{\"@id\":\"https:\/\/mycomauricie.com\/en\/club-myco-04\/building-your-business\/the-professions\/#primaryimage\"},\"image\":{\"@id\":\"https:\/\/mycomauricie.com\/en\/club-myco-04\/building-your-business\/the-professions\/#primaryimage\"},\"thumbnailUrl\":\"https:\/\/mycomauricie.com\/medias\/Mycotourisme-initiation-cueillette-groupe-guide-foret.jpg\",\"datePublished\":\"2024-07-26T12:40:04+00:00\",\"dateModified\":\"2025-09-13T22:20:45+00:00\",\"description\":\"Apprenez-en plus sur les professions qui \u00e9mergent autour des produits forestiers comestibles : cueilleurs, transformateurs, chefs, etc. D\u00e9couvrir !\",\"breadcrumb\":{\"@id\":\"https:\/\/mycomauricie.com\/en\/club-myco-04\/building-your-business\/the-professions\/#breadcrumb\"},\"inLanguage\":\"en-US\",\"potentialAction\":[{\"@type\":\"ReadAction\",\"target\":[\"https:\/\/mycomauricie.com\/en\/club-myco-04\/building-your-business\/the-professions\/\"]}]},{\"@type\":\"ImageObject\",\"inLanguage\":\"en-US\",\"@id\":\"https:\/\/mycomauricie.com\/en\/club-myco-04\/building-your-business\/the-professions\/#primaryimage\",\"url\":\"https:\/\/mycomauricie.com\/medias\/Mycotourisme-initiation-cueillette-groupe-guide-foret.jpg\",\"contentUrl\":\"https:\/\/mycomauricie.com\/medias\/Mycotourisme-initiation-cueillette-groupe-guide-foret.jpg\"},{\"@type\":\"BreadcrumbList\",\"@id\":\"https:\/\/mycomauricie.com\/en\/club-myco-04\/building-your-business\/the-professions\/#breadcrumb\",\"itemListElement\":[{\"@type\":\"ListItem\",\"position\":1,\"name\":\"Home\",\"item\":\"https:\/\/mycomauricie.com\/en\/\"},{\"@type\":\"ListItem\",\"position\":2,\"name\":\"Club MYCO 04\",\"item\":\"https:\/\/mycomauricie.com\/en\/club-myco-04\/\"},{\"@type\":\"ListItem\",\"position\":3,\"name\":\"Building Your Business\",\"item\":\"https:\/\/mycomauricie.com\/en\/club-myco-04\/building-your-business\/\"},{\"@type\":\"ListItem\",\"position\":4,\"name\":\"The Professions\"}]},{\"@type\":\"WebSite\",\"@id\":\"https:\/\/mycomauricie.com\/#website\",\"url\":\"https:\/\/mycomauricie.com\/\",\"name\":\"La Fili\u00e8re Mauricie\",\"description\":\"\",\"publisher\":{\"@id\":\"https:\/\/mycomauricie.com\/#organization\"},\"potentialAction\":[{\"@type\":\"SearchAction\",\"target\":{\"@type\":\"EntryPoint\",\"urlTemplate\":\"https:\/\/mycomauricie.com\/?s={search_term_string}\"},\"query-input\":{\"@type\":\"PropertyValueSpecification\",\"valueRequired\":true,\"valueName\":\"search_term_string\"}}],\"inLanguage\":\"en-US\"},{\"@type\":\"Organization\",\"@id\":\"https:\/\/mycomauricie.com\/#organization\",\"name\":\"La Fili\u00e8re Mauricie\",\"url\":\"https:\/\/mycomauricie.com\/\",\"logo\":{\"@type\":\"ImageObject\",\"inLanguage\":\"en-US\",\"@id\":\"https:\/\/mycomauricie.com\/#\/schema\/logo\/image\/\",\"url\":\"https:\/\/mycomauricie.com\/medias\/Logo-la-filiere-signature-2.png\",\"contentUrl\":\"https:\/\/mycomauricie.com\/medias\/Logo-la-filiere-signature-2.png\",\"width\":1005,\"height\":415,\"caption\":\"La Fili\u00e8re Mauricie\"},\"image\":{\"@id\":\"https:\/\/mycomauricie.com\/#\/schema\/logo\/image\/\"},\"sameAs\":[\"https:\/\/www.facebook.com\/champignonsforestiersmauricie\",\"https:\/\/www.instagram.com\/myco04mauricie\/\"]}]}<\/script>\n<!-- \/ Yoast SEO plugin. -->","yoast_head_json":{"title":"Professions Li\u00e9es \u00e0 la Cueillette et la For\u00eat | La Fili\u00e8re Mauricie","description":"Apprenez-en plus sur les professions qui \u00e9mergent autour des produits forestiers comestibles : cueilleurs, transformateurs, chefs, etc. D\u00e9couvrir !","robots":{"index":"index","follow":"follow","max-snippet":"max-snippet:-1","max-image-preview":"max-image-preview:large","max-video-preview":"max-video-preview:-1"},"canonical":"https:\/\/mycomauricie.com\/en\/club-myco-04\/building-your-business\/the-professions\/","og_locale":"en_US","og_type":"article","og_title":"Professions Li\u00e9es \u00e0 la Cueillette et la For\u00eat | La Fili\u00e8re Mauricie","og_description":"Apprenez-en plus sur les professions qui \u00e9mergent autour des produits forestiers comestibles : cueilleurs, transformateurs, chefs, etc. D\u00e9couvrir !","og_url":"https:\/\/mycomauricie.com\/en\/club-myco-04\/building-your-business\/the-professions\/","og_site_name":"La Fili\u00e8re Mauricie","article_publisher":"https:\/\/www.facebook.com\/champignonsforestiersmauricie","article_modified_time":"2025-09-13T22:20:45+00:00","og_image":[{"width":1080,"height":720,"url":"https:\/\/mycomauricie.com\/medias\/Mycotourisme-initiation-cueillette-groupe-guide-foret.jpg","type":"image\/jpeg"}],"twitter_card":"summary_large_image","twitter_misc":{"Est. reading time":"2 minutes"},"schema":{"@context":"https:\/\/schema.org","@graph":[{"@type":"WebPage","@id":"https:\/\/mycomauricie.com\/en\/club-myco-04\/building-your-business\/the-professions\/","url":"https:\/\/mycomauricie.com\/en\/club-myco-04\/building-your-business\/the-professions\/","name":"Professions Li\u00e9es \u00e0 la Cueillette et la For\u00eat | La Fili\u00e8re Mauricie","isPartOf":{"@id":"https:\/\/mycomauricie.com\/#website"},"primaryImageOfPage":{"@id":"https:\/\/mycomauricie.com\/en\/club-myco-04\/building-your-business\/the-professions\/#primaryimage"},"image":{"@id":"https:\/\/mycomauricie.com\/en\/club-myco-04\/building-your-business\/the-professions\/#primaryimage"},"thumbnailUrl":"https:\/\/mycomauricie.com\/medias\/Mycotourisme-initiation-cueillette-groupe-guide-foret.jpg","datePublished":"2024-07-26T12:40:04+00:00","dateModified":"2025-09-13T22:20:45+00:00","description":"Apprenez-en plus sur les professions qui \u00e9mergent autour des produits forestiers comestibles : cueilleurs, transformateurs, chefs, etc. D\u00e9couvrir !","breadcrumb":{"@id":"https:\/\/mycomauricie.com\/en\/club-myco-04\/building-your-business\/the-professions\/#breadcrumb"},"inLanguage":"en-US","potentialAction":[{"@type":"ReadAction","target":["https:\/\/mycomauricie.com\/en\/club-myco-04\/building-your-business\/the-professions\/"]}]},{"@type":"ImageObject","inLanguage":"en-US","@id":"https:\/\/mycomauricie.com\/en\/club-myco-04\/building-your-business\/the-professions\/#primaryimage","url":"https:\/\/mycomauricie.com\/medias\/Mycotourisme-initiation-cueillette-groupe-guide-foret.jpg","contentUrl":"https:\/\/mycomauricie.com\/medias\/Mycotourisme-initiation-cueillette-groupe-guide-foret.jpg"},{"@type":"BreadcrumbList","@id":"https:\/\/mycomauricie.com\/en\/club-myco-04\/building-your-business\/the-professions\/#breadcrumb","itemListElement":[{"@type":"ListItem","position":1,"name":"Home","item":"https:\/\/mycomauricie.com\/en\/"},{"@type":"ListItem","position":2,"name":"Club MYCO 04","item":"https:\/\/mycomauricie.com\/en\/club-myco-04\/"},{"@type":"ListItem","position":3,"name":"Building Your Business","item":"https:\/\/mycomauricie.com\/en\/club-myco-04\/building-your-business\/"},{"@type":"ListItem","position":4,"name":"The Professions"}]},{"@type":"WebSite","@id":"https:\/\/mycomauricie.com\/#website","url":"https:\/\/mycomauricie.com\/","name":"La Fili\u00e8re Mauricie","description":"","publisher":{"@id":"https:\/\/mycomauricie.com\/#organization"},"potentialAction":[{"@type":"SearchAction","target":{"@type":"EntryPoint","urlTemplate":"https:\/\/mycomauricie.com\/?s={search_term_string}"},"query-input":{"@type":"PropertyValueSpecification","valueRequired":true,"valueName":"search_term_string"}}],"inLanguage":"en-US"},{"@type":"Organization","@id":"https:\/\/mycomauricie.com\/#organization","name":"La Fili\u00e8re Mauricie","url":"https:\/\/mycomauricie.com\/","logo":{"@type":"ImageObject","inLanguage":"en-US","@id":"https:\/\/mycomauricie.com\/#\/schema\/logo\/image\/","url":"https:\/\/mycomauricie.com\/medias\/Logo-la-filiere-signature-2.png","contentUrl":"https:\/\/mycomauricie.com\/medias\/Logo-la-filiere-signature-2.png","width":1005,"height":415,"caption":"La Fili\u00e8re Mauricie"},"image":{"@id":"https:\/\/mycomauricie.com\/#\/schema\/logo\/image\/"},"sameAs":["https:\/\/www.facebook.com\/champignonsforestiersmauricie","https:\/\/www.instagram.com\/myco04mauricie\/"]}]}},"_links":{"self":[{"href":"https:\/\/mycomauricie.com\/en\/wp-json\/wp\/v2\/pages\/12389","targetHints":{"allow":["GET"]}}],"collection":[{"href":"https:\/\/mycomauricie.com\/en\/wp-json\/wp\/v2\/pages"}],"about":[{"href":"https:\/\/mycomauricie.com\/en\/wp-json\/wp\/v2\/types\/page"}],"author":[{"embeddable":true,"href":"https:\/\/mycomauricie.com\/en\/wp-json\/wp\/v2\/users\/4"}],"replies":[{"embeddable":true,"href":"https:\/\/mycomauricie.com\/en\/wp-json\/wp\/v2\/comments?post=12389"}],"version-history":[{"count":2,"href":"https:\/\/mycomauricie.com\/en\/wp-json\/wp\/v2\/pages\/12389\/revisions"}],"predecessor-version":[{"id":13447,"href":"https:\/\/mycomauricie.com\/en\/wp-json\/wp\/v2\/pages\/12389\/revisions\/13447"}],"up":[{"embeddable":true,"href":"https:\/\/mycomauricie.com\/en\/wp-json\/wp\/v2\/pages\/12390"}],"wp:attachment":[{"href":"https:\/\/mycomauricie.com\/en\/wp-json\/wp\/v2\/media?parent=12389"}],"curies":[{"name":"wp","href":"https:\/\/api.w.org\/{rel}","templated":true}]}}